{"id":2807,"date":"2025-06-23T06:46:35","date_gmt":"2025-06-23T10:46:35","guid":{"rendered":"https:\/\/solution-rsi.ca\/?page_id=2807"},"modified":"2025-07-01T10:35:39","modified_gmt":"2025-07-01T14:35:39","slug":"conditions-dutilisation","status":"publish","type":"page","link":"https:\/\/solution-rsi.ca\/en\/conditions-dutilisation\/","title":{"rendered":"Conditions d&rsquo;utilisation"},"content":{"rendered":"<div data-elementor-type=\"wp-page\" data-elementor-id=\"2807\" class=\"elementor elementor-2807\" data-elementor-settings=\"{&quot;element_pack_global_tooltip_width&quot;:{&quot;unit&quot;:&quot;px&quot;,&quot;size&quot;:&quot;&quot;,&quot;sizes&quot;:[]},&quot;element_pack_global_tooltip_width_tablet_extra&quot;:{&quot;unit&quot;:&quot;px&quot;,&quot;size&quot;:&quot;&quot;,&quot;sizes&quot;:[]},&quot;element_pack_global_tooltip_width_tablet&quot;:{&quot;unit&quot;:&quot;px&quot;,&quot;size&quot;:&quot;&quot;,&quot;sizes&quot;:[]},&quot;element_pack_global_tooltip_width_mobile_extra&quot;:{&quot;unit&quot;:&quot;px&quot;,&quot;size&quot;:&quot;&quot;,&quot;sizes&quot;:[]},&quot;element_pack_global_tooltip_width_mobile&quot;:{&quot;unit&quot;:&quot;px&quot;,&quot;size&quot;:&quot;&quot;,&quot;sizes&quot;:[]},&quot;element_pack_global_tooltip_padding&quot;:{&quot;unit&quot;:&quot;px&quot;,&quot;top&quot;:&quot;&quot;,&quot;right&quot;:&quot;&quot;,&quot;bottom&quot;:&quot;&quot;,&quot;left&quot;:&quot;&quot;,&quot;isLinked&quot;:true},&quot;element_pack_global_tooltip_padding_tablet_extra&quot;:{&quot;unit&quot;:&quot;px&quot;,&quot;top&quot;:&quot;&quot;,&quot;right&quot;:&quot;&quot;,&quot;bottom&quot;:&quot;&quot;,&quot;left&quot;:&quot;&quot;,&quot;isLinked&quot;:true},&quot;element_pack_global_tooltip_padding_tablet&quot;:{&quot;unit&quot;:&quot;px&quot;,&quot;top&quot;:&quot;&quot;,&quot;right&quot;:&quot;&quot;,&quot;bottom&quot;:&quot;&quot;,&quot;left&quot;:&quot;&quot;,&quot;isLinked&quot;:true},&quot;element_pack_global_tooltip_padding_mobile_extra&quot;:{&quot;unit&quot;:&quot;px&quot;,&quot;top&quot;:&quot;&quot;,&quot;right&quot;:&quot;&quot;,&quot;bottom&quot;:&quot;&quot;,&quot;left&quot;:&quot;&quot;,&quot;isLinked&quot;:true},&quot;element_pack_global_tooltip_padding_mobile&quot;:{&quot;unit&quot;:&quot;px&quot;,&quot;top&quot;:&quot;&quot;,&quot;right&quot;:&quot;&quot;,&quot;bottom&quot;:&quot;&quot;,&quot;left&quot;:&quot;&quot;,&quot;isLinked&quot;:true},&quot;element_pack_global_tooltip_border_radius&quot;:{&quot;unit&quot;:&quot;px&quot;,&quot;top&quot;:&quot;&quot;,&quot;right&quot;:&quot;&quot;,&quot;bottom&quot;:&quot;&quot;,&quot;left&quot;:&quot;&quot;,&quot;isLinked&quot;:true},&quot;element_pack_global_tooltip_border_radius_tablet_extra&quot;:{&quot;unit&quot;:&quot;px&quot;,&quot;top&quot;:&quot;&quot;,&quot;right&quot;:&quot;&quot;,&quot;bottom&quot;:&quot;&quot;,&quot;left&quot;:&quot;&quot;,&quot;isLinked&quot;:true},&quot;element_pack_global_tooltip_border_radius_tablet&quot;:{&quot;unit&quot;:&quot;px&quot;,&quot;top&quot;:&quot;&quot;,&quot;right&quot;:&quot;&quot;,&quot;bottom&quot;:&quot;&quot;,&quot;left&quot;:&quot;&quot;,&quot;isLinked&quot;:true},&quot;element_pack_global_tooltip_border_radius_mobile_extra&quot;:{&quot;unit&quot;:&quot;px&quot;,&quot;top&quot;:&quot;&quot;,&quot;right&quot;:&quot;&quot;,&quot;bottom&quot;:&quot;&quot;,&quot;left&quot;:&quot;&quot;,&quot;isLinked&quot;:true},&quot;element_pack_global_tooltip_border_radius_mobile&quot;:{&quot;unit&quot;:&quot;px&quot;,&quot;top&quot;:&quot;&quot;,&quot;right&quot;:&quot;&quot;,&quot;bottom&quot;:&quot;&quot;,&quot;left&quot;:&quot;&quot;,&quot;isLinked&quot;:true}}\" data-elementor-post-type=\"page\">\n\t\t\t\t<div class=\"elementor-element elementor-element-6a71e12 e-flex e-con-boxed e-con e-parent\" data-id=\"6a71e12\" data-element_type=\"container\" data-e-type=\"container\" data-settings=\"{&quot;background_background&quot;:&quot;classic&quot;}\">\n\t\t\t\t\t<div class=\"e-con-inner\">\n\t\t\t\t<div class=\"elementor-element elementor-element-37e8619 elementor-widget elementor-widget-heading\" data-id=\"37e8619\" data-element_type=\"widget\" data-e-type=\"widget\" data-widget_type=\"heading.default\">\n\t\t\t\t<div class=\"elementor-widget-container\">\n\t\t\t\t\t<h1 class=\"elementor-heading-title elementor-size-default\">Conditions d&rsquo;utilisation<\/h1>\t\t\t\t<\/div>\n\t\t\t\t<\/div>\n\t\t\t\t<div class=\"elementor-element elementor-element-65c4754 elementor-widget elementor-widget-bdt-breadcrumbs\" data-id=\"65c4754\" data-element_type=\"widget\" data-e-type=\"widget\" data-widget_type=\"bdt-breadcrumbs.default\">\n\t\t\t\t<div class=\"elementor-widget-container\">\n\t\t\t\t\t<div class='bdt-ep-breadcrumbs-wrapper'><ul class=\"bdt-ep-breadcrumb  breadcrumb-align-center\"><li><a href=\"https:\/\/solution-rsi.ca\/en\/\"><span class=\"bdt-ep-breadcrumbs-home-icon\"> <i aria-hidden=\"true\" class=\"fas fa-home\"><\/i> <\/span>Accueil<\/a><\/li>\n<li><span> Page<\/span><\/li>\n<\/ul><\/div>\t\t\t\t<\/div>\n\t\t\t\t<\/div>\n\t\t\t\t\t<\/div>\n\t\t\t\t<\/div>\n\t\t<div class=\"elementor-element elementor-element-3e13a4a e-flex e-con-boxed e-con e-parent\" data-id=\"3e13a4a\" data-element_type=\"container\" data-e-type=\"container\">\n\t\t\t\t\t<div class=\"e-con-inner\">\n\t\t\t\t<div class=\"elementor-element elementor-element-6dc15ff elementor-widget elementor-widget-text-editor\" data-id=\"6dc15ff\" data-element_type=\"widget\" data-e-type=\"widget\" data-widget_type=\"text-editor.default\">\n\t\t\t\t<div class=\"elementor-widget-container\">\n\t\t\t\t\t\t\t\t\t<div id=\"cmplz-document\" class=\"cmplz-document cmplz-terms-conditions\"><p>Les pr\u00e9sentes Conditions r\u00e9gissent votre acc\u00e8s, votre utilisation de tout le contenu, produit et service disponibles \u00e0 l\u2019adresse https:\/\/briconnect.solution-rsi.ca <strong>(le \u00ab\u00a0Service\u00a0\u00bb)<\/strong> exploit\u00e9 par Briconnect<strong> ( \u00ab\u00a0nous\u00a0\u00bb, \u00ab\u00a0notre\u00a0\u00bb ou \u00ab\u00a0nos\u00a0\u00bb).<\/strong><\/p><p>Votre acc\u00e8s \u00e0 nos services est soumis \u00e0 votre acceptation, sans modification, de tous les termes et conditions contenus dans les pr\u00e9sentes et de toutes les autres r\u00e8gles et politiques de fonctionnement publi\u00e9es et qui peuvent \u00eatre publi\u00e9es de temps \u00e0 autre par nous.<\/p><p>Veuillez lire attentivement le Contrat avant d\u2019acc\u00e9der \u00e0 nos Services ou de les utiliser. En acc\u00e9dant ou en utilisant toute partie de nos Services, vous acceptez d\u2019\u00eatre li\u00e9 par les pr\u00e9sentes Conditions. Si vous n\u2019acceptez aucune partie des conditions du Contrat, vous ne pouvez pas acc\u00e9der \u00e0 nos Services ou les utiliser.<\/p><p>\u00a0<\/p><h2>Propri\u00e9t\u00e9 intellectuelle<\/h2><p>L\u2019Accord ne vous transf\u00e8re aucune de nos propri\u00e9t\u00e9s intellectuelles ou de celles de tiers, et tous les droits, titres et int\u00e9r\u00eats relatifs \u00e0 cette propri\u00e9t\u00e9 resteront (entre les parties) uniquement avec Briconnect et ses conc\u00e9dants de licence.<\/p><p>\u00a0<\/p><h2>Services de tiers<\/h2><p>En utilisant les Services, vous pouvez utiliser des services, produits, logiciels, int\u00e9grations ou applications tiers d\u00e9velopp\u00e9s par un tiers (\u00a0\u00bb Services tiers \u00ab\u00a0).<\/p><p>Si vous utilisez des Services tiers, vous comprenez que :<\/p><ul><li>Toute utilisation d\u2019un Service tiers est \u00e0 vos propres risques, et nous ne serons pas responsables envers quiconque des sites Web ou des Services tiers.<\/li><li>Vous reconnaissez et acceptez que nous ne serons pas responsables de tout dommage ou perte caus\u00e9 ou pr\u00e9tendument caus\u00e9 par ou en relation avec l\u2019utilisation de tels contenus, biens ou services disponibles sur ou via ces sites Web ou services.<\/li><\/ul><h2>\u00a0<\/h2><h2>Comptes<\/h2><p>Lorsque l\u2019utilisation d\u2019une partie de nos Services n\u00e9cessite un compte, vous acceptez de nous fournir des informations compl\u00e8tes et exactes lorsque vous vous inscrivez pour un compte.<\/p><p>Vous serez seul responsable de toute activit\u00e9 qui se produit sous votre compte. Vous \u00eates responsable de garder les informations de votre compte \u00e0 jour et de garder votre mot de passe s\u00e9curis\u00e9.<\/p><p>Vous \u00eates responsable du maintien de la s\u00e9curit\u00e9 de votre compte que vous utilisez pour acc\u00e9der au Service. Vous ne devez pas partager ou abuser de vos identifiants d\u2019acc\u00e8s. Vous devez nous informer imm\u00e9diatement de toute utilisation non autoris\u00e9e de votre compte ou d\u00e8s que vous avez connaissance de toute autre violation de la s\u00e9curit\u00e9.<\/p><p>\u00a0<\/p><h2>Liens vers d\u2019autres sites Web<\/h2><p>Notre Service peut contenir des liens vers des sites Web ou des services tiers qui ne sont pas d\u00e9tenus ou contr\u00f4l\u00e9s par Briconnect .<\/p><p>Briconnect n\u2019assume aucune responsabilit\u00e9 pour le contenu, les politiques de confidentialit\u00e9 ou les pratiques de tout site Web ou service tiers. Briconnect ne sera pas non plus responsable, directement ou indirectement, de tout dommage ou perte caus\u00e9 ou pr\u00e9tendument caus\u00e9 par ou en relation avec l\u2019utilisation ou la confiance accord\u00e9e \u00e0 un tel contenu, biens ou services disponibles sur ou via ces sites Web ou services.<\/p><p>Nous vous conseillons de lire les termes et conditions et les politiques de confidentialit\u00e9 de tous les sites Web ou services tiers que vous visitez.<\/p><p>\u00a0<\/p><h2>R\u00e9siliation<\/h2><p>Nous pouvons r\u00e9silier ou suspendre votre acc\u00e8s \u00e0 tout ou partie de nos Services \u00e0 tout moment, avec ou sans motif, avec ou sans pr\u00e9avis, avec effet imm\u00e9diat.<\/p><p>Si vous souhaitez r\u00e9silier le Contrat ou votre Briconnect , vous pouvez simplement cesser d\u2019utiliser nos Services.<\/p><p>Toutes les dispositions du Contrat qui, de par leur nature, devraient survivre \u00e0 la r\u00e9siliation survivront \u00e0 la r\u00e9siliation, y compris, sans s\u2019y limiter, les dispositions relatives \u00e0 la propri\u00e9t\u00e9, les exclusions de garantie, l\u2019indemnisation et les limitations de responsabilit\u00e9.<\/p><p>\u00a0<\/p><h2>Avertissement<\/h2><p>Nos Services sont fournis \u00ab\u00a0EN L\u2019\u00c9TAT \u00a0\u00bb et \u00a0\u00bb SELON LA DISPONIBILIT\u00c9\u00a0\u00bb. Briconnect et ses fournisseurs et conc\u00e9dants de licence d\u00e9clinent par la pr\u00e9sente toute garantie de quelque nature que ce soit, expresse ou implicite, y compris, sans s\u2019y limiter, les garanties de qualit\u00e9 marchande, d\u2019ad\u00e9quation \u00e0 un usage particulier et d\u2019absence de contrefa\u00e7on. Ni Briconnect , nor its suppliers and licensors, makes any warranty that our Services will be error-free or that access thereto will be continuous or uninterrupted.<\/p><p>Vous comprenez que vous t\u00e9l\u00e9chargez ou obtenez autrement du contenu ou des services par l\u2019interm\u00e9diaire de nos Services \u00e0 votre propre discr\u00e9tion et \u00e0 vos propres risques.<\/p><p>\u00a0<\/p><h2>Juridiction et droit applicable<\/h2><p>Sauf dans la mesure o\u00f9 une loi applicable en dispose autrement, le Contrat et tout acc\u00e8s ou utilisation de nos Services seront r\u00e9gis par les lois de New York.<\/p><p>Le lieu appropri\u00e9 pour tout litige d\u00e9coulant de ou li\u00e9 au Contrat et \u00e0 tout acc\u00e8s ou utilisation de nos Services sera les tribunaux d\u2019\u00c9tat et f\u00e9d\u00e9raux situ\u00e9s au Qu\u00e9bec.<\/p><p>\u00a0<\/p><h2>Changements<\/h2><p>Briconnect se r\u00e9serve le droit, \u00e0 notre seule discr\u00e9tion, de modifier ou de remplacer les pr\u00e9sentes Conditions \u00e0 tout moment.<\/p><p>If we make changes that are material, we will let you know by posting on our website, or by sending you an email or other communication before the changes take effect. The notice will designate a reasonable period of time after which the new terms will take effect.<\/p><p>Nous allons essayer de fournir au moins 30 jours de pr\u00e9avis avant l\u2019entr\u00e9e en vigueur des modifications. Si vous n\u2019\u00eates pas d\u2019accord avec nos modifications, vous devez cesser d\u2019utiliser nos Services dans le d\u00e9lai de pr\u00e9avis d\u00e9sign\u00e9, ou une fois que les modifications entrent en vigueur.<\/p><p>Votre utilisation continue de nos Services sera soumise aux nouvelles conditions.<\/p><p>\u00a0<\/p><h2>Contactez-nous<\/h2><p>Si vous avez des questions concernant ces conditions d\u2019utilisation, veuillez nous contacter \u00e0 l\u2019adresse contact@solution-rsi.ca<\/p><hr class=\"wp-block-separator\" \/><p>Derni\u00e8re mise \u00e0 jour : 23 Juin, 2025<\/p><\/div>\t\t\t\t\t\t\t\t<\/div>\n\t\t\t\t<\/div>\n\t\t\t\t\t<\/div>\n\t\t\t\t<\/div>\n\t\t\t\t<\/div>","protected":false},"excerpt":{"rendered":"<p>Accueil Page Les pr\u00e9sentes Conditions r\u00e9gissent votre acc\u00e8s, votre utilisation de tout le contenu, produit et service disponibles \u00e0 l\u2019adresse https:\/\/briconnect.solution-rsi.ca (le \u00ab\u00a0Service\u00a0\u00bb) exploit\u00e9 par Briconnect ( \u00ab\u00a0nous\u00a0\u00bb, \u00ab\u00a0notre\u00a0\u00bb ou \u00ab\u00a0nos\u00a0\u00bb). Votre acc\u00e8s \u00e0 nos services est soumis \u00e0 votre acceptation, sans modification, de tous les termes et conditions contenus dans les pr\u00e9sentes et de <\/p>","protected":false},"author":1,"featured_media":0,"parent":0,"menu_order":0,"comment_status":"closed","ping_status":"closed","template":"","meta":{"_acf_changed":false,"footnotes":""},"class_list":["post-2807","page","type-page","status-publish","hentry"],"acf":[],"yoast_head":"<!-- This site is optimized with the Yoast SEO Premium plugin v26.1 (Yoast SEO v27.1.1) - https:\/\/yoast.com\/product\/yoast-seo-premium-wordpress\/ -->\n<title>Conditions d&#039;utilisation - Solution RSI<\/title>\n<meta name=\"robots\" content=\"index, follow, max-snippet:-1, max-image-preview:large, max-video-preview:-1\" \/>\n<link rel=\"canonical\" href=\"https:\/\/solution-rsi.ca\/en\/conditions-dutilisation\/\" \/>\n<meta property=\"og:locale\" content=\"en_US\" \/>\n<meta property=\"og:type\" content=\"article\" \/>\n<meta property=\"og:title\" content=\"Conditions d&#039;utilisation\" \/>\n<meta property=\"og:description\" content=\"Accueil Page Les pr\u00e9sentes Conditions r\u00e9gissent votre acc\u00e8s, votre utilisation de tout le contenu, produit et service disponibles \u00e0 l\u2019adresse https:\/\/briconnect.solution-rsi.ca (le \u00ab\u00a0Service\u00a0\u00bb) exploit\u00e9 par Briconnect ( \u00ab\u00a0nous\u00a0\u00bb, \u00ab\u00a0notre\u00a0\u00bb ou \u00ab\u00a0nos\u00a0\u00bb). Votre acc\u00e8s \u00e0 nos services est soumis \u00e0 votre acceptation, sans modification, de tous les termes et conditions contenus dans les pr\u00e9sentes et de\" \/>\n<meta property=\"og:url\" content=\"https:\/\/solution-rsi.ca\/en\/conditions-dutilisation\/\" \/>\n<meta property=\"og:site_name\" content=\"Solution RSI\" \/>\n<meta property=\"article:modified_time\" content=\"2025-07-01T14:35:39+00:00\" \/>\n<meta name=\"twitter:card\" content=\"summary_large_image\" \/>\n<meta name=\"twitter:label1\" content=\"Est. reading time\" \/>\n\t<meta name=\"twitter:data1\" content=\"5 minutes\" \/>\n<script type=\"application\/ld+json\" class=\"yoast-schema-graph\">{\"@context\":\"https:\/\/schema.org\",\"@graph\":[{\"@type\":\"WebPage\",\"@id\":\"https:\/\/solution-rsi.ca\/conditions-dutilisation\/\",\"url\":\"https:\/\/solution-rsi.ca\/conditions-dutilisation\/\",\"name\":\"Conditions d'utilisation - Solution RSI\",\"isPartOf\":{\"@id\":\"https:\/\/solution-rsi.ca\/#website\"},\"datePublished\":\"2025-06-23T10:46:35+00:00\",\"dateModified\":\"2025-07-01T14:35:39+00:00\",\"breadcrumb\":{\"@id\":\"https:\/\/solution-rsi.ca\/conditions-dutilisation\/#breadcrumb\"},\"inLanguage\":\"en-US\",\"potentialAction\":[{\"@type\":\"ReadAction\",\"target\":[\"https:\/\/solution-rsi.ca\/conditions-dutilisation\/\"]}]},{\"@type\":\"BreadcrumbList\",\"@id\":\"https:\/\/solution-rsi.ca\/conditions-dutilisation\/#breadcrumb\",\"itemListElement\":[{\"@type\":\"ListItem\",\"position\":1,\"name\":\"Accueil\",\"item\":\"https:\/\/solution-rsi.ca\/\"},{\"@type\":\"ListItem\",\"position\":2,\"name\":\"Conditions d&rsquo;utilisation\"}]},{\"@type\":\"WebSite\",\"@id\":\"https:\/\/solution-rsi.ca\/#website\",\"url\":\"https:\/\/solution-rsi.ca\/\",\"name\":\"Solution RSI\",\"description\":\"Reparation et solutions informatiques\",\"publisher\":{\"@id\":\"https:\/\/solution-rsi.ca\/#organization\"},\"potentialAction\":[{\"@type\":\"SearchAction\",\"target\":{\"@type\":\"EntryPoint\",\"urlTemplate\":\"https:\/\/solution-rsi.ca\/?s={search_term_string}\"},\"query-input\":{\"@type\":\"PropertyValueSpecification\",\"valueRequired\":true,\"valueName\":\"search_term_string\"}}],\"inLanguage\":\"en-US\"},{\"@type\":\"Organization\",\"@id\":\"https:\/\/solution-rsi.ca\/#organization\",\"name\":\"Solution RSI\",\"url\":\"https:\/\/solution-rsi.ca\/\",\"logo\":{\"@type\":\"ImageObject\",\"inLanguage\":\"en-US\",\"@id\":\"https:\/\/solution-rsi.ca\/#\/schema\/logo\/image\/\",\"url\":\"https:\/\/solution-rsi.ca\/wp-content\/uploads\/2023\/11\/solution-rsi-logo-transparent.png\",\"contentUrl\":\"https:\/\/solution-rsi.ca\/wp-content\/uploads\/2023\/11\/solution-rsi-logo-transparent.png\",\"width\":2000,\"height\":351,\"caption\":\"Solution RSI\"},\"image\":{\"@id\":\"https:\/\/solution-rsi.ca\/#\/schema\/logo\/image\/\"}}]}<\/script>\n<!-- \/ Yoast SEO Premium plugin. -->","yoast_head_json":{"title":"Conditions d'utilisation - Solution RSI","robots":{"index":"index","follow":"follow","max-snippet":"max-snippet:-1","max-image-preview":"max-image-preview:large","max-video-preview":"max-video-preview:-1"},"canonical":"https:\/\/solution-rsi.ca\/en\/conditions-dutilisation\/","og_locale":"en_US","og_type":"article","og_title":"Conditions d'utilisation","og_description":"Accueil Page Les pr\u00e9sentes Conditions r\u00e9gissent votre acc\u00e8s, votre utilisation de tout le contenu, produit et service disponibles \u00e0 l\u2019adresse https:\/\/briconnect.solution-rsi.ca (le \u00ab\u00a0Service\u00a0\u00bb) exploit\u00e9 par Briconnect ( \u00ab\u00a0nous\u00a0\u00bb, \u00ab\u00a0notre\u00a0\u00bb ou \u00ab\u00a0nos\u00a0\u00bb). Votre acc\u00e8s \u00e0 nos services est soumis \u00e0 votre acceptation, sans modification, de tous les termes et conditions contenus dans les pr\u00e9sentes et de","og_url":"https:\/\/solution-rsi.ca\/en\/conditions-dutilisation\/","og_site_name":"Solution RSI","article_modified_time":"2025-07-01T14:35:39+00:00","twitter_card":"summary_large_image","twitter_misc":{"Est. reading time":"5 minutes"},"schema":{"@context":"https:\/\/schema.org","@graph":[{"@type":"WebPage","@id":"https:\/\/solution-rsi.ca\/conditions-dutilisation\/","url":"https:\/\/solution-rsi.ca\/conditions-dutilisation\/","name":"Conditions d'utilisation - Solution RSI","isPartOf":{"@id":"https:\/\/solution-rsi.ca\/#website"},"datePublished":"2025-06-23T10:46:35+00:00","dateModified":"2025-07-01T14:35:39+00:00","breadcrumb":{"@id":"https:\/\/solution-rsi.ca\/conditions-dutilisation\/#breadcrumb"},"inLanguage":"en-US","potentialAction":[{"@type":"ReadAction","target":["https:\/\/solution-rsi.ca\/conditions-dutilisation\/"]}]},{"@type":"BreadcrumbList","@id":"https:\/\/solution-rsi.ca\/conditions-dutilisation\/#breadcrumb","itemListElement":[{"@type":"ListItem","position":1,"name":"Accueil","item":"https:\/\/solution-rsi.ca\/"},{"@type":"ListItem","position":2,"name":"Conditions d&rsquo;utilisation"}]},{"@type":"WebSite","@id":"https:\/\/solution-rsi.ca\/#website","url":"https:\/\/solution-rsi.ca\/","name":"Solution RSI","description":"Reparation et solutions informatiques","publisher":{"@id":"https:\/\/solution-rsi.ca\/#organization"},"potentialAction":[{"@type":"SearchAction","target":{"@type":"EntryPoint","urlTemplate":"https:\/\/solution-rsi.ca\/?s={search_term_string}"},"query-input":{"@type":"PropertyValueSpecification","valueRequired":true,"valueName":"search_term_string"}}],"inLanguage":"en-US"},{"@type":"Organization","@id":"https:\/\/solution-rsi.ca\/#organization","name":"Solution RSI","url":"https:\/\/solution-rsi.ca\/","logo":{"@type":"ImageObject","inLanguage":"en-US","@id":"https:\/\/solution-rsi.ca\/#\/schema\/logo\/image\/","url":"https:\/\/solution-rsi.ca\/wp-content\/uploads\/2023\/11\/solution-rsi-logo-transparent.png","contentUrl":"https:\/\/solution-rsi.ca\/wp-content\/uploads\/2023\/11\/solution-rsi-logo-transparent.png","width":2000,"height":351,"caption":"Solution RSI"},"image":{"@id":"https:\/\/solution-rsi.ca\/#\/schema\/logo\/image\/"}}]}},"_links":{"self":[{"href":"https:\/\/solution-rsi.ca\/en\/wp-json\/wp\/v2\/pages\/2807","targetHints":{"allow":["GET"]}}],"collection":[{"href":"https:\/\/solution-rsi.ca\/en\/wp-json\/wp\/v2\/pages"}],"about":[{"href":"https:\/\/solution-rsi.ca\/en\/wp-json\/wp\/v2\/types\/page"}],"author":[{"embeddable":true,"href":"https:\/\/solution-rsi.ca\/en\/wp-json\/wp\/v2\/users\/1"}],"replies":[{"embeddable":true,"href":"https:\/\/solution-rsi.ca\/en\/wp-json\/wp\/v2\/comments?post=2807"}],"version-history":[{"count":0,"href":"https:\/\/solution-rsi.ca\/en\/wp-json\/wp\/v2\/pages\/2807\/revisions"}],"wp:attachment":[{"href":"https:\/\/solution-rsi.ca\/en\/wp-json\/wp\/v2\/media?parent=2807"}],"curies":[{"name":"wp","href":"https:\/\/api.w.org\/{rel}","templated":true}]}}