{"id":39,"date":"2023-11-14T10:42:05","date_gmt":"2023-11-14T10:42:05","guid":{"rendered":"https:\/\/solution-rsi.ca\/?page_id=39"},"modified":"2026-03-12T09:15:35","modified_gmt":"2026-03-12T13:15:35","slug":"contact","status":"publish","type":"page","link":"https:\/\/solution-rsi.ca\/en\/contact\/","title":{"rendered":"Contact"},"content":{"rendered":"<div data-elementor-type=\"wp-page\" data-elementor-id=\"39\" class=\"elementor elementor-39\" data-elementor-settings=\"{&quot;element_pack_global_tooltip_width&quot;:{&quot;unit&quot;:&quot;px&quot;,&quot;size&quot;:&quot;&quot;,&quot;sizes&quot;:[]},&quot;element_pack_global_tooltip_width_tablet_extra&quot;:{&quot;unit&quot;:&quot;px&quot;,&quot;size&quot;:&quot;&quot;,&quot;sizes&quot;:[]},&quot;element_pack_global_tooltip_width_tablet&quot;:{&quot;unit&quot;:&quot;px&quot;,&quot;size&quot;:&quot;&quot;,&quot;sizes&quot;:[]},&quot;element_pack_global_tooltip_width_mobile_extra&quot;:{&quot;unit&quot;:&quot;px&quot;,&quot;size&quot;:&quot;&quot;,&quot;sizes&quot;:[]},&quot;element_pack_global_tooltip_width_mobile&quot;:{&quot;unit&quot;:&quot;px&quot;,&quot;size&quot;:&quot;&quot;,&quot;sizes&quot;:[]},&quot;element_pack_global_tooltip_padding&quot;:{&quot;unit&quot;:&quot;px&quot;,&quot;top&quot;:&quot;&quot;,&quot;right&quot;:&quot;&quot;,&quot;bottom&quot;:&quot;&quot;,&quot;left&quot;:&quot;&quot;,&quot;isLinked&quot;:true},&quot;element_pack_global_tooltip_padding_tablet_extra&quot;:{&quot;unit&quot;:&quot;px&quot;,&quot;top&quot;:&quot;&quot;,&quot;right&quot;:&quot;&quot;,&quot;bottom&quot;:&quot;&quot;,&quot;left&quot;:&quot;&quot;,&quot;isLinked&quot;:true},&quot;element_pack_global_tooltip_padding_tablet&quot;:{&quot;unit&quot;:&quot;px&quot;,&quot;top&quot;:&quot;&quot;,&quot;right&quot;:&quot;&quot;,&quot;bottom&quot;:&quot;&quot;,&quot;left&quot;:&quot;&quot;,&quot;isLinked&quot;:true},&quot;element_pack_global_tooltip_padding_mobile_extra&quot;:{&quot;unit&quot;:&quot;px&quot;,&quot;top&quot;:&quot;&quot;,&quot;right&quot;:&quot;&quot;,&quot;bottom&quot;:&quot;&quot;,&quot;left&quot;:&quot;&quot;,&quot;isLinked&quot;:true},&quot;element_pack_global_tooltip_padding_mobile&quot;:{&quot;unit&quot;:&quot;px&quot;,&quot;top&quot;:&quot;&quot;,&quot;right&quot;:&quot;&quot;,&quot;bottom&quot;:&quot;&quot;,&quot;left&quot;:&quot;&quot;,&quot;isLinked&quot;:true},&quot;element_pack_global_tooltip_border_radius&quot;:{&quot;unit&quot;:&quot;px&quot;,&quot;top&quot;:&quot;&quot;,&quot;right&quot;:&quot;&quot;,&quot;bottom&quot;:&quot;&quot;,&quot;left&quot;:&quot;&quot;,&quot;isLinked&quot;:true},&quot;element_pack_global_tooltip_border_radius_tablet_extra&quot;:{&quot;unit&quot;:&quot;px&quot;,&quot;top&quot;:&quot;&quot;,&quot;right&quot;:&quot;&quot;,&quot;bottom&quot;:&quot;&quot;,&quot;left&quot;:&quot;&quot;,&quot;isLinked&quot;:true},&quot;element_pack_global_tooltip_border_radius_tablet&quot;:{&quot;unit&quot;:&quot;px&quot;,&quot;top&quot;:&quot;&quot;,&quot;right&quot;:&quot;&quot;,&quot;bottom&quot;:&quot;&quot;,&quot;left&quot;:&quot;&quot;,&quot;isLinked&quot;:true},&quot;element_pack_global_tooltip_border_radius_mobile_extra&quot;:{&quot;unit&quot;:&quot;px&quot;,&quot;top&quot;:&quot;&quot;,&quot;right&quot;:&quot;&quot;,&quot;bottom&quot;:&quot;&quot;,&quot;left&quot;:&quot;&quot;,&quot;isLinked&quot;:true},&quot;element_pack_global_tooltip_border_radius_mobile&quot;:{&quot;unit&quot;:&quot;px&quot;,&quot;top&quot;:&quot;&quot;,&quot;right&quot;:&quot;&quot;,&quot;bottom&quot;:&quot;&quot;,&quot;left&quot;:&quot;&quot;,&quot;isLinked&quot;:true}}\" data-elementor-post-type=\"page\">\n\t\t\t\t<div class=\"elementor-element elementor-element-ac77560 e-flex e-con-boxed e-con e-parent\" data-id=\"ac77560\" data-element_type=\"container\" data-e-type=\"container\" data-settings=\"{&quot;background_background&quot;:&quot;classic&quot;}\">\n\t\t\t\t\t<div class=\"e-con-inner\">\n\t\t\t\t<div class=\"elementor-element elementor-element-0349a3a elementor-widget elementor-widget-heading\" data-id=\"0349a3a\" data-element_type=\"widget\" data-e-type=\"widget\" data-widget_type=\"heading.default\">\n\t\t\t\t<div class=\"elementor-widget-container\">\n\t\t\t\t\t<h1 class=\"elementor-heading-title elementor-size-default\">Contact<\/h1>\t\t\t\t<\/div>\n\t\t\t\t<\/div>\n\t\t\t\t<div class=\"elementor-element elementor-element-566843f elementor-widget elementor-widget-bdt-breadcrumbs\" data-id=\"566843f\" data-element_type=\"widget\" data-e-type=\"widget\" data-widget_type=\"bdt-breadcrumbs.default\">\n\t\t\t\t<div class=\"elementor-widget-container\">\n\t\t\t\t\t<div class='bdt-ep-breadcrumbs-wrapper'><ul class=\"bdt-ep-breadcrumb  breadcrumb-align-center\"><li><a href=\"https:\/\/solution-rsi.ca\/en\/\"><span class=\"bdt-ep-breadcrumbs-home-icon\"> <i aria-hidden=\"true\" class=\"fas fa-home\"><\/i> <\/span>Accueil<\/a><\/li>\n<li><span> Page<\/span><\/li>\n<\/ul><\/div>\t\t\t\t<\/div>\n\t\t\t\t<\/div>\n\t\t\t\t\t<\/div>\n\t\t\t\t<\/div>\n\t\t<div class=\"elementor-element elementor-element-289b30c e-con-full e-flex e-con e-parent\" data-id=\"289b30c\" data-element_type=\"container\" data-e-type=\"container\">\n\t\t\t\t<div class=\"elementor-element elementor-element-1fcde42 elementor-widget elementor-widget-Contact_Form\" data-id=\"1fcde42\" data-element_type=\"widget\" data-e-type=\"widget\" data-widget_type=\"Contact_Form.default\">\n\t\t\t\t<div class=\"elementor-widget-container\">\n\t\t\t\t\t\r\n        <!-- Start Contact Area --> \r\n        <div class=\"contact-us-area ptb-140\">\r\n            <div class=\"container\">\r\n                <div class=\"row g-0\">\r\n                    <div class=\"col-lg-5\">\r\n                        <ul class=\"contact-us-info mb-0 list-unstyled\">\r\n                                \r\n                                <li class=\"contact-item\">\r\n                                                                            <h4>Contact t\u00e9lephonique<\/h4>\r\n                                                                        <ul class=\"d-flex list-unstyled align-items-center\">\r\n                                        <li class=\"flex-shrink-0\">\r\n                                            <i class=\"flaticon-call\"><\/i>\r\n                                        <\/li>\r\n                                                                                    <li class=\"flex-grow-1 ms-3\">\r\n                                                <div class=\"elementor-element elementor-element-7d566d0 e-con-full e-flex e-con e-child\" data-id=\"7d566d0\" data-element_type=\"container\"><p>+1 (438) 824-9359<\/p><\/div>                                            <\/li>\r\n                                                                            <\/ul>\r\n                                <\/li>\r\n                                \r\n                                <li class=\"contact-item\">\r\n                                                                            <h4>Email<\/h4>\r\n                                                                        <ul class=\"d-flex list-unstyled align-items-center\">\r\n                                        <li class=\"flex-shrink-0\">\r\n                                            <i class=\"flaticon-email\"><\/i>\r\n                                        <\/li>\r\n                                                                                    <li class=\"flex-grow-1 ms-3\">\r\n                                                <div class=\"elementor-element elementor-element-7d566d0 e-con-full e-flex e-con e-child\" data-id=\"7d566d0\" data-element_type=\"container\"><p>contact@solution-rsi.ca<br \/>sav@solution-rsi.ca<\/p><\/div>                                            <\/li>\r\n                                                                            <\/ul>\r\n                                <\/li>\r\n                                \r\n                                <li class=\"contact-item\">\r\n                                                                            <h4>l'adresse<\/h4>\r\n                                                                        <ul class=\"d-flex list-unstyled align-items-center\">\r\n                                        <li class=\"flex-shrink-0\">\r\n                                            <i class=\"flaticon-location\"><\/i>\r\n                                        <\/li>\r\n                                                                                    <li class=\"flex-grow-1 ms-3\">\r\n                                                <div class=\"elementor-element elementor-element-f90e221 elementor-view-framed elementor-position-left elementor-vertical-align-middle elementor-widget__width-initial elementor-shape-circle elementor-mobile-position-top elementor-widget elementor-widget-icon-box\" data-id=\"f90e221\" data-element_type=\"widget\" data-widget_type=\"icon-box.default\"><p>J8X 0C2 15 Rue Jos-Montferrand, Gatineau, QC<\/p><\/div>                                            <\/li>\r\n                                                                            <\/ul>\r\n                                <\/li>\r\n                                                        <li class=\"contact-item\">\r\n                                                                    <h4>Rejoignez nous sur:<\/h4>\r\n                                                                <ul class=\"ps-0 mb-0 list-unstyled d-flex align-items-center social-link\">\r\n                                                                            <li>\r\n                                            <a href=\"https:\/\/www.facebook.com\/\" target=\"_blank\">\r\n                                                <i class=\"flaticon-facebook\"><\/i>\r\n                                            <\/a>\r\n                                        <\/li>\r\n                                                                            <li>\r\n                                            <a href=\"https:\/\/bd.linkedin.com\/\" target=\"_blank\">\r\n                                                <i class=\"flaticon-linkedin\"><\/i>\r\n                                            <\/a>\r\n                                        <\/li>\r\n                                                                            <li>\r\n                                            <a href=\"https:\/\/www.instagram.com\/\" target=\"_blank\">\r\n                                                <i class=\"flaticon-instagram\"><\/i>\r\n                                            <\/a>\r\n                                        <\/li>\r\n                                                                            <li>\r\n                                            <a href=\"https:\/\/www.youtube.com\/\" target=\"_blank\">\r\n                                                <i class=\"flaticon-youtube\"><\/i>\r\n                                            <\/a>\r\n                                        <\/li>\r\n                                                                    <\/ul>\r\n                            <\/li>\r\n                            \r\n                            <li class=\"contact-item\">\r\n                                                                    <h4>O\u00fb nous trouver?<\/h4>\r\n                                                                <div class=\"d-flex align-items-center\">\r\n                                                                            <div class=\"flex-shrink-0\">\r\n                                            <i class=\"flaticon-map\"><\/i>\r\n                                        <\/div>\r\n                                                                                                                <div class=\"flex-grow ms-3\">\r\n                                            <a href=\"#\" class=\"text-decoration-underline\" data-bs-toggle=\"modal\" data-bs-target=\"#exampleModal\">Voir la carte<\/a>\r\n                                        <\/div>\r\n                                                                    <\/div>\r\n                            <\/li>\r\n                        <\/ul>\r\n                    <\/div>\r\n                    <div class=\"col-lg-7\">\r\n                        <div class=\"contact-form\">\r\n                                                            <span class=\"top-title\">NOUS CONTACTER<\/span>\r\n                                                        <h2>\r\n                                Laissez nous un message                            <\/h2>\r\n                            \n<div class=\"wpcf7 no-js\" id=\"wpcf7-f445-o1\" lang=\"en-US\" dir=\"ltr\" data-wpcf7-id=\"445\">\n<div class=\"screen-reader-response\"><p role=\"status\" aria-live=\"polite\" aria-atomic=\"true\"><\/p> <ul><\/ul><\/div>\n<form action=\"\/en\/wp-json\/wp\/v2\/pages\/39#wpcf7-f445-o1\" method=\"post\" class=\"wpcf7-form init\" aria-label=\"Contact form\" novalidate=\"novalidate\" data-status=\"init\" data-trp-original-action=\"\/en\/wp-json\/wp\/v2\/pages\/39#wpcf7-f445-o1\">\n<fieldset class=\"hidden-fields-container\"><input type=\"hidden\" name=\"_wpcf7\" value=\"445\" \/><input type=\"hidden\" name=\"_wpcf7_version\" value=\"6.1.5\" \/><input type=\"hidden\" name=\"_wpcf7_locale\" value=\"en_US\" \/><input type=\"hidden\" name=\"_wpcf7_unit_tag\" value=\"wpcf7-f445-o1\" \/><input type=\"hidden\" name=\"_wpcf7_container_post\" value=\"0\" \/><input type=\"hidden\" name=\"_wpcf7_posted_data_hash\" value=\"\" \/>\n<\/fieldset>\n<div class=\"form-group\">\n\t<p><label class=\"label\">Nom<\/label><span class=\"wpcf7-form-control-wrap\" data-name=\"yourname\"><input size=\"40\" maxlength=\"400\" class=\"wpcf7-form-control wpcf7-text wpcf7-validates-as-required form-control\" aria-required=\"true\" aria-invalid=\"false\" placeholder=\"Votre nom\" value=\"\" type=\"text\" name=\"yourname\" \/><\/span>\n\t<\/p>\n<\/div>\n<div class=\"form-group\">\n\t<p><label class=\"label\">Email<\/label><span class=\"wpcf7-form-control-wrap\" data-name=\"youremail\"><input size=\"40\" maxlength=\"400\" class=\"wpcf7-form-control wpcf7-email wpcf7-validates-as-required wpcf7-text wpcf7-validates-as-email form-control\" aria-required=\"true\" aria-invalid=\"false\" placeholder=\"Votre adresse email\" value=\"\" type=\"email\" name=\"youremail\" \/><\/span>\n\t<\/p>\n<\/div>\n<div class=\"form-group\">\n\t<p><label class=\"label\">T\u00e9l\u00e9phone<\/label><span class=\"wpcf7-form-control-wrap\" data-name=\"Yourphone\"><input class=\"wpcf7-form-control wpcf7-number wpcf7-validates-as-required wpcf7-validates-as-number form-control\" aria-required=\"true\" aria-invalid=\"false\" placeholder=\"Votre num\u00e9ro de t\u00e9l\u00e9phone\" value=\"\" type=\"number\" name=\"Yourphone\" \/><\/span>\n\t<\/p>\n<\/div>\n<div class=\"form-group\">\n\t<p><label class=\"label\">Objet<\/label><span class=\"wpcf7-form-control-wrap\" data-name=\"Subject\"><input size=\"40\" maxlength=\"400\" class=\"wpcf7-form-control wpcf7-text wpcf7-validates-as-required form-control\" aria-required=\"true\" aria-invalid=\"false\" placeholder=\"Sujet de votre message\" value=\"\" type=\"text\" name=\"Subject\" \/><\/span>\n\t<\/p>\n<\/div>\n<div class=\"form-group\">\n\t<p><label class=\"label\">Message<\/label><span class=\"wpcf7-form-control-wrap\" data-name=\"message\"><textarea cols=\"40\" rows=\"10\" maxlength=\"2000\" class=\"wpcf7-form-control wpcf7-textarea wpcf7-validates-as-required form-control\" aria-required=\"true\" aria-invalid=\"false\" placeholder=\"Message\" name=\"message\"><\/textarea><\/span>\n\t<\/p>\n<\/div>\n<div class=\"form-group mb-0\">\n\t<p><button type=\"submit\" class=\"btn btn-primary\">ENVOYER<\/button>\n\t<\/p>\n<\/div><div class=\"wpcf7-response-output\" aria-hidden=\"true\"><\/div>\n<input type=\"hidden\" name=\"trp-form-language\" value=\"en\"\/><\/form>\n<\/div>\n                        <\/div>\r\n                    <\/div>\r\n                <\/div>\r\n            <\/div>\r\n        <\/div>\r\n        <!-- End Contact Area -->\r\n        \r\n        <!-- Modal Map -->\r\n                <div class=\"modal fade\" id=\"exampleModal\" tabindex=\"-1\" aria-labelledby=\"exampleModalLabel\" aria-hidden=\"true\">\r\n            <div class=\"modal-dialog modal-fullscreen\">\r\n                <div class=\"modal-content\">\r\n                    <div class=\"modal-header\">\r\n                        <h1 class=\"modal-title fs-3\" id=\"exampleModalLabel\">Map<\/h1>\r\n                        <button type=\"button\" class=\"btn-close\" data-bs-dismiss=\"modal\" aria-label=\"Close\"><\/button>\r\n                    <\/div>\r\n                                            <div class=\"modal-body\">\r\n                            <iframe src=\"https:\/\/www.google.com\/maps\/embed?pb=!1m18!1m12!1m3!1d2800.2993704401756!2d-75.72176272458711!3d45.42346623615694!2m3!1f0!2f0!3f0!3m2!1i1024!2i768!4f13.1!3m3!1m2!1s0x4cce045fb71566fd%3A0x995dd2354b6906d2!2s15%20Rue%20Jos-Montferrand%2C%20Gatineau%2C%20QC%20J8X%200C2%2C%20Canada!5e0!3m2!1sfr!2sro!4v1773321052993!5m2!1sfr!2sro\" style=\"width: 100%; height: 100%; display: block;\"><\/iframe>\r\n                        <\/div>\r\n                                    <\/div>\r\n            <\/div>\r\n        <\/div>\r\n\r\n        \t\t\t\t<\/div>\n\t\t\t\t<\/div>\n\t\t\t\t<div class=\"elementor-element elementor-element-bdt-reading-progress elementor-widget elementor-widget-bdt-reading-progress\" data-id=\"bdt-reading-progress\" data-element_type=\"widget\" data-e-type=\"widget\" data-widget_type=\"bdt-reading-progress.bdt-horizontal-progress\">\n\t\t\t\t<div class=\"elementor-widget-container\">\n\t\t\t\t\t        <div class=\"bdt-horizontal-progress top\" id=\"bdt-progress\">\n        <\/div>\n\n        \t\t\t\t<\/div>\n\t\t\t\t<\/div>\n\t\t\t\t<\/div>\n\t\t\t\t<\/div>","protected":false},"excerpt":{"rendered":"<p>Accueil Page Contact t\u00e9lephonique +1 (438) 824-9359 Email contact@solution-rsi.casav@solution-rsi.ca Adresse J8X 0C2 15 Rue Jos-Montferrand, Gatineau, QC Rejoignez nous sur: O\u00fb nous trouver? Voir la carte NOUS CONTACTER Laissez nous un message Nom Email T\u00e9l\u00e9phone Objet Message ENVOYER Map<\/p>","protected":false},"author":1,"featured_media":0,"parent":0,"menu_order":0,"comment_status":"closed","ping_status":"closed","template":"","meta":{"_acf_changed":false,"footnotes":""},"class_list":["post-39","page","type-page","status-publish","hentry"],"acf":[],"yoast_head":"<!-- This site is optimized with the Yoast SEO Premium plugin v26.1 (Yoast SEO v27.1.1) - https:\/\/yoast.com\/product\/yoast-seo-premium-wordpress\/ -->\n<title>Contact - Solution RSI<\/title>\n<meta name=\"robots\" content=\"index, follow, max-snippet:-1, max-image-preview:large, max-video-preview:-1\" \/>\n<link rel=\"canonical\" href=\"https:\/\/solution-rsi.ca\/en\/contact\/\" \/>\n<meta property=\"og:locale\" content=\"en_US\" \/>\n<meta property=\"og:type\" content=\"article\" \/>\n<meta property=\"og:title\" content=\"Contact\" \/>\n<meta property=\"og:description\" content=\"Accueil Page Contact t\u00e9lephonique +1 (438) 824-9359 Email contact@solution-rsi.casav@solution-rsi.ca Adresse J8X 0C2 15 Rue Jos-Montferrand, Gatineau, QC Rejoignez nous sur: O\u00fb nous trouver? Voir la carte NOUS CONTACTER Laissez nous un message Nom Email T\u00e9l\u00e9phone Objet Message ENVOYER Map\" \/>\n<meta property=\"og:url\" content=\"https:\/\/solution-rsi.ca\/en\/contact\/\" \/>\n<meta property=\"og:site_name\" content=\"Solution RSI\" \/>\n<meta property=\"article:modified_time\" content=\"2026-03-12T13:15:35+00:00\" \/>\n<meta name=\"twitter:card\" content=\"summary_large_image\" \/>\n<meta name=\"twitter:label1\" content=\"Est. reading time\" \/>\n\t<meta name=\"twitter:data1\" content=\"1 minute\" \/>\n<script type=\"application\/ld+json\" class=\"yoast-schema-graph\">{\"@context\":\"https:\/\/schema.org\",\"@graph\":[{\"@type\":[\"WebPage\",\"ContactPage\"],\"@id\":\"https:\/\/solution-rsi.ca\/contact\/\",\"url\":\"https:\/\/solution-rsi.ca\/contact\/\",\"name\":\"Contact - Solution RSI\",\"isPartOf\":{\"@id\":\"https:\/\/solution-rsi.ca\/#website\"},\"datePublished\":\"2023-11-14T10:42:05+00:00\",\"dateModified\":\"2026-03-12T13:15:35+00:00\",\"breadcrumb\":{\"@id\":\"https:\/\/solution-rsi.ca\/contact\/#breadcrumb\"},\"inLanguage\":\"en-US\",\"potentialAction\":[{\"@type\":\"ReadAction\",\"target\":[\"https:\/\/solution-rsi.ca\/contact\/\"]}]},{\"@type\":\"BreadcrumbList\",\"@id\":\"https:\/\/solution-rsi.ca\/contact\/#breadcrumb\",\"itemListElement\":[{\"@type\":\"ListItem\",\"position\":1,\"name\":\"Accueil\",\"item\":\"https:\/\/solution-rsi.ca\/\"},{\"@type\":\"ListItem\",\"position\":2,\"name\":\"Contact\"}]},{\"@type\":\"WebSite\",\"@id\":\"https:\/\/solution-rsi.ca\/#website\",\"url\":\"https:\/\/solution-rsi.ca\/\",\"name\":\"Solution RSI\",\"description\":\"Reparation et solutions informatiques\",\"publisher\":{\"@id\":\"https:\/\/solution-rsi.ca\/#organization\"},\"potentialAction\":[{\"@type\":\"SearchAction\",\"target\":{\"@type\":\"EntryPoint\",\"urlTemplate\":\"https:\/\/solution-rsi.ca\/?s={search_term_string}\"},\"query-input\":{\"@type\":\"PropertyValueSpecification\",\"valueRequired\":true,\"valueName\":\"search_term_string\"}}],\"inLanguage\":\"en-US\"},{\"@type\":\"Organization\",\"@id\":\"https:\/\/solution-rsi.ca\/#organization\",\"name\":\"Solution RSI\",\"url\":\"https:\/\/solution-rsi.ca\/\",\"logo\":{\"@type\":\"ImageObject\",\"inLanguage\":\"en-US\",\"@id\":\"https:\/\/solution-rsi.ca\/#\/schema\/logo\/image\/\",\"url\":\"https:\/\/solution-rsi.ca\/wp-content\/uploads\/2023\/11\/solution-rsi-logo-transparent.png\",\"contentUrl\":\"https:\/\/solution-rsi.ca\/wp-content\/uploads\/2023\/11\/solution-rsi-logo-transparent.png\",\"width\":2000,\"height\":351,\"caption\":\"Solution RSI\"},\"image\":{\"@id\":\"https:\/\/solution-rsi.ca\/#\/schema\/logo\/image\/\"}}]}<\/script>\n<!-- \/ Yoast SEO Premium plugin. -->","yoast_head_json":{"title":"Contact - Solution RSI","robots":{"index":"index","follow":"follow","max-snippet":"max-snippet:-1","max-image-preview":"max-image-preview:large","max-video-preview":"max-video-preview:-1"},"canonical":"https:\/\/solution-rsi.ca\/en\/contact\/","og_locale":"en_US","og_type":"article","og_title":"Contact","og_description":"Accueil Page Contact t\u00e9lephonique +1 (438) 824-9359 Email contact@solution-rsi.casav@solution-rsi.ca Adresse J8X 0C2 15 Rue Jos-Montferrand, Gatineau, QC Rejoignez nous sur: O\u00fb nous trouver? Voir la carte NOUS CONTACTER Laissez nous un message Nom Email T\u00e9l\u00e9phone Objet Message ENVOYER Map","og_url":"https:\/\/solution-rsi.ca\/en\/contact\/","og_site_name":"Solution RSI","article_modified_time":"2026-03-12T13:15:35+00:00","twitter_card":"summary_large_image","twitter_misc":{"Est. reading time":"1 minute"},"schema":{"@context":"https:\/\/schema.org","@graph":[{"@type":["WebPage","ContactPage"],"@id":"https:\/\/solution-rsi.ca\/contact\/","url":"https:\/\/solution-rsi.ca\/contact\/","name":"Contact - Solution RSI","isPartOf":{"@id":"https:\/\/solution-rsi.ca\/#website"},"datePublished":"2023-11-14T10:42:05+00:00","dateModified":"2026-03-12T13:15:35+00:00","breadcrumb":{"@id":"https:\/\/solution-rsi.ca\/contact\/#breadcrumb"},"inLanguage":"en-US","potentialAction":[{"@type":"ReadAction","target":["https:\/\/solution-rsi.ca\/contact\/"]}]},{"@type":"BreadcrumbList","@id":"https:\/\/solution-rsi.ca\/contact\/#breadcrumb","itemListElement":[{"@type":"ListItem","position":1,"name":"Accueil","item":"https:\/\/solution-rsi.ca\/"},{"@type":"ListItem","position":2,"name":"Contact"}]},{"@type":"WebSite","@id":"https:\/\/solution-rsi.ca\/#website","url":"https:\/\/solution-rsi.ca\/","name":"Solution RSI","description":"Reparation et solutions informatiques","publisher":{"@id":"https:\/\/solution-rsi.ca\/#organization"},"potentialAction":[{"@type":"SearchAction","target":{"@type":"EntryPoint","urlTemplate":"https:\/\/solution-rsi.ca\/?s={search_term_string}"},"query-input":{"@type":"PropertyValueSpecification","valueRequired":true,"valueName":"search_term_string"}}],"inLanguage":"en-US"},{"@type":"Organization","@id":"https:\/\/solution-rsi.ca\/#organization","name":"Solution RSI","url":"https:\/\/solution-rsi.ca\/","logo":{"@type":"ImageObject","inLanguage":"en-US","@id":"https:\/\/solution-rsi.ca\/#\/schema\/logo\/image\/","url":"https:\/\/solution-rsi.ca\/wp-content\/uploads\/2023\/11\/solution-rsi-logo-transparent.png","contentUrl":"https:\/\/solution-rsi.ca\/wp-content\/uploads\/2023\/11\/solution-rsi-logo-transparent.png","width":2000,"height":351,"caption":"Solution RSI"},"image":{"@id":"https:\/\/solution-rsi.ca\/#\/schema\/logo\/image\/"}}]}},"_links":{"self":[{"href":"https:\/\/solution-rsi.ca\/en\/wp-json\/wp\/v2\/pages\/39","targetHints":{"allow":["GET"]}}],"collection":[{"href":"https:\/\/solution-rsi.ca\/en\/wp-json\/wp\/v2\/pages"}],"about":[{"href":"https:\/\/solution-rsi.ca\/en\/wp-json\/wp\/v2\/types\/page"}],"author":[{"embeddable":true,"href":"https:\/\/solution-rsi.ca\/en\/wp-json\/wp\/v2\/users\/1"}],"replies":[{"embeddable":true,"href":"https:\/\/solution-rsi.ca\/en\/wp-json\/wp\/v2\/comments?post=39"}],"version-history":[{"count":9,"href":"https:\/\/solution-rsi.ca\/en\/wp-json\/wp\/v2\/pages\/39\/revisions"}],"predecessor-version":[{"id":3689,"href":"https:\/\/solution-rsi.ca\/en\/wp-json\/wp\/v2\/pages\/39\/revisions\/3689"}],"wp:attachment":[{"href":"https:\/\/solution-rsi.ca\/en\/wp-json\/wp\/v2\/media?parent=39"}],"curies":[{"name":"wp","href":"https:\/\/api.w.org\/{rel}","templated":true}]}}