{"id":3510,"date":"2025-07-03T23:03:07","date_gmt":"2025-07-04T03:03:07","guid":{"rendered":"https:\/\/solution-rsi.ca\/?post_type=product&#038;p=3510"},"modified":"2025-07-04T00:03:56","modified_gmt":"2025-07-04T04:03:56","slug":"transfert-de-donnees-laptops-pc","status":"publish","type":"product","link":"https:\/\/solution-rsi.ca\/en\/briconnect-store\/reparation-laptop-pc\/transfert-de-donnees-laptops-pc\/","title":{"rendered":"Transfert de donn\u00e9es Laptops &#038; PC"},"content":{"rendered":"<h3>Notre Prestation de Transfert de Donn\u00e9es<\/h3>\n<p>Nos techniciens sp\u00e9cialis\u00e9s g\u00e8rent le processus de transfert de fichiers avec la plus grande attention. Nous prenons en charge :<\/p>\n<ul>\n<li><strong>Transfert PC vers PC \/ Mac vers Mac :<\/strong> Migration compl\u00e8te de votre environnement.<\/li>\n<li><strong>Transfert de donn\u00e9es vers un disque externe :<\/strong> Pour vos sauvegardes personnelles.<\/li>\n<li><strong>Migration vers un nouveau syst\u00e8me d&rsquo;exploitation :<\/strong> Assurez la compatibilit\u00e9 de vos fichiers.<\/li>\n<li><strong>Gestion des dossiers :<\/strong> Documents, photos, vid\u00e9os, musique, courriels et logiciels (si les licences le permettent).<\/li>\n<\/ul>\n<h3>Quand Avez-vous Besoin d&rsquo;un Service de Transfert de Donn\u00e9es ?<\/h3>\n<p>Plusieurs situations peuvent n\u00e9cessiter notre intervention :<\/p>\n<ul>\n<li><strong>Nouvel ordinateur :<\/strong> Vous venez d&rsquo;acqu\u00e9rir un nouveau PC ou Mac et souhaitez r\u00e9cup\u00e9rer toutes vos informations de l&rsquo;ancien appareil.<\/li>\n<li><strong>Mise \u00e0 niveau de disque dur :<\/strong> Passage d&rsquo;un disque dur (HDD) \u00e0 un SSD ultra-rapide, ou augmentation de votre capacit\u00e9 de stockage.<\/li>\n<li><strong>Sauvegarde et R\u00e9cup\u00e9ration :<\/strong> Cr\u00e9ation d&rsquo;une copie de s\u00e9curit\u00e9 de vos fichiers importants ou r\u00e9cup\u00e9ration de donn\u00e9es suite \u00e0 un probl\u00e8me.<\/li>\n<li><strong>R\u00e9installation du syst\u00e8me :<\/strong> Migration de vos donn\u00e9es avant une r\u00e9installation compl\u00e8te de votre syst\u00e8me d&rsquo;exploitation.<\/li>\n<\/ul>","protected":false},"excerpt":{"rendered":"<p>Nous vous proposons une solution fiable et s\u00e9curis\u00e9e pour le transfert de vos donn\u00e9es provenant de votre laptop ou PC, quelles qu&rsquo;elles soient, en toute s\u00e9r\u00e9nit\u00e9.<\/p>","protected":false},"featured_media":3515,"comment_status":"open","ping_status":"closed","template":"","meta":{"_acf_changed":false},"product_brand":[],"product_cat":[39],"product_tag":[],"class_list":{"0":"post-3510","1":"product","2":"type-product","3":"status-publish","4":"has-post-thumbnail","6":"product_cat-reparation-laptop-pc","8":"first","9":"instock","10":"virtual","11":"taxable","12":"purchasable","13":"product-type-simple"},"acf":[],"yoast_head":"<!-- This site is optimized with the Yoast SEO Premium plugin v26.1 (Yoast SEO v27.1.1) - https:\/\/yoast.com\/product\/yoast-seo-premium-wordpress\/ -->\n<title>Transfert de donn\u00e9es Laptops &amp; PC - Solution RSI<\/title>\n<meta name=\"description\" content=\"Nous vous proposons une solution fiable et s\u00e9curis\u00e9e pour le transfert de vos donn\u00e9es provenant de votre laptop ou PC, quelles qu&#039;elles soient.\" \/>\n<meta name=\"robots\" content=\"index, follow, max-snippet:-1, max-image-preview:large, max-video-preview:-1\" \/>\n<link rel=\"canonical\" href=\"https:\/\/solution-rsi.ca\/en\/briconnect-store\/reparation-laptop-pc\/transfert-de-donnees-laptops-pc\/\" \/>\n<meta property=\"og:locale\" content=\"en_US\" \/>\n<meta property=\"og:type\" content=\"article\" \/>\n<meta property=\"og:title\" content=\"Transfert de donn\u00e9es Laptops &amp; PC\" \/>\n<meta property=\"og:description\" content=\"Nous vous proposons une solution fiable et s\u00e9curis\u00e9e pour le transfert de vos donn\u00e9es provenant de votre laptop ou PC, quelles qu&#039;elles soient.\" \/>\n<meta property=\"og:url\" content=\"https:\/\/solution-rsi.ca\/en\/briconnect-store\/reparation-laptop-pc\/transfert-de-donnees-laptops-pc\/\" \/>\n<meta property=\"og:site_name\" content=\"Solution RSI\" \/>\n<meta property=\"article:modified_time\" content=\"2025-07-04T04:03:56+00:00\" \/>\n<meta property=\"og:image\" content=\"https:\/\/solution-rsi.ca\/wp-content\/uploads\/2025\/07\/briconnect-transfert-donnees-pc.png\" \/>\n\t<meta property=\"og:image:width\" content=\"500\" \/>\n\t<meta property=\"og:image:height\" content=\"409\" \/>\n\t<meta property=\"og:image:type\" content=\"image\/png\" \/>\n<meta name=\"twitter:card\" content=\"summary_large_image\" \/>\n<meta name=\"twitter:label1\" content=\"Est. reading time\" \/>\n\t<meta name=\"twitter:data1\" content=\"2 minutes\" \/>\n<script type=\"application\/ld+json\" class=\"yoast-schema-graph\">{\"@context\":\"https:\/\/schema.org\",\"@graph\":[{\"@type\":\"WebPage\",\"@id\":\"https:\/\/solution-rsi.ca\/briconnect-store\/reparation-laptop-pc\/transfert-de-donnees-laptops-pc\/\",\"url\":\"https:\/\/solution-rsi.ca\/briconnect-store\/reparation-laptop-pc\/transfert-de-donnees-laptops-pc\/\",\"name\":\"Transfert de donn\u00e9es Laptops & PC - Solution RSI\",\"isPartOf\":{\"@id\":\"https:\/\/solution-rsi.ca\/#website\"},\"primaryImageOfPage\":{\"@id\":\"https:\/\/solution-rsi.ca\/briconnect-store\/reparation-laptop-pc\/transfert-de-donnees-laptops-pc\/#primaryimage\"},\"image\":{\"@id\":\"https:\/\/solution-rsi.ca\/briconnect-store\/reparation-laptop-pc\/transfert-de-donnees-laptops-pc\/#primaryimage\"},\"thumbnailUrl\":\"https:\/\/solution-rsi.ca\/wp-content\/uploads\/2025\/07\/briconnect-transfert-donnees-pc.png\",\"datePublished\":\"2025-07-04T03:03:07+00:00\",\"dateModified\":\"2025-07-04T04:03:56+00:00\",\"description\":\"Nous vous proposons une solution fiable et s\u00e9curis\u00e9e pour le transfert de vos donn\u00e9es provenant de votre laptop ou PC, quelles qu'elles soient.\",\"breadcrumb\":{\"@id\":\"https:\/\/solution-rsi.ca\/briconnect-store\/reparation-laptop-pc\/transfert-de-donnees-laptops-pc\/#breadcrumb\"},\"inLanguage\":\"en-US\",\"potentialAction\":[{\"@type\":\"ReadAction\",\"target\":[\"https:\/\/solution-rsi.ca\/briconnect-store\/reparation-laptop-pc\/transfert-de-donnees-laptops-pc\/\"]}]},{\"@type\":\"ImageObject\",\"inLanguage\":\"en-US\",\"@id\":\"https:\/\/solution-rsi.ca\/briconnect-store\/reparation-laptop-pc\/transfert-de-donnees-laptops-pc\/#primaryimage\",\"url\":\"https:\/\/solution-rsi.ca\/wp-content\/uploads\/2025\/07\/briconnect-transfert-donnees-pc.png\",\"contentUrl\":\"https:\/\/solution-rsi.ca\/wp-content\/uploads\/2025\/07\/briconnect-transfert-donnees-pc.png\",\"width\":500,\"height\":409,\"caption\":\"briconnect-transfert-donn\u00e9es-pc\"},{\"@type\":\"BreadcrumbList\",\"@id\":\"https:\/\/solution-rsi.ca\/briconnect-store\/reparation-laptop-pc\/transfert-de-donnees-laptops-pc\/#breadcrumb\",\"itemListElement\":[{\"@type\":\"ListItem\",\"position\":1,\"name\":\"Accueil\",\"item\":\"https:\/\/solution-rsi.ca\/\"},{\"@type\":\"ListItem\",\"position\":2,\"name\":\"BriConnect Store\",\"item\":\"https:\/\/solution-rsi.ca\/briconnect-store\/\"},{\"@type\":\"ListItem\",\"position\":3,\"name\":\"Transfert de donn\u00e9es Laptops &#038; PC\"}]},{\"@type\":\"WebSite\",\"@id\":\"https:\/\/solution-rsi.ca\/#website\",\"url\":\"https:\/\/solution-rsi.ca\/\",\"name\":\"Solution RSI\",\"description\":\"Reparation et solutions informatiques\",\"publisher\":{\"@id\":\"https:\/\/solution-rsi.ca\/#organization\"},\"potentialAction\":[{\"@type\":\"SearchAction\",\"target\":{\"@type\":\"EntryPoint\",\"urlTemplate\":\"https:\/\/solution-rsi.ca\/?s={search_term_string}\"},\"query-input\":{\"@type\":\"PropertyValueSpecification\",\"valueRequired\":true,\"valueName\":\"search_term_string\"}}],\"inLanguage\":\"en-US\"},{\"@type\":\"Organization\",\"@id\":\"https:\/\/solution-rsi.ca\/#organization\",\"name\":\"Solution RSI\",\"url\":\"https:\/\/solution-rsi.ca\/\",\"logo\":{\"@type\":\"ImageObject\",\"inLanguage\":\"en-US\",\"@id\":\"https:\/\/solution-rsi.ca\/#\/schema\/logo\/image\/\",\"url\":\"https:\/\/solution-rsi.ca\/wp-content\/uploads\/2023\/11\/solution-rsi-logo-transparent.png\",\"contentUrl\":\"https:\/\/solution-rsi.ca\/wp-content\/uploads\/2023\/11\/solution-rsi-logo-transparent.png\",\"width\":2000,\"height\":351,\"caption\":\"Solution RSI\"},\"image\":{\"@id\":\"https:\/\/solution-rsi.ca\/#\/schema\/logo\/image\/\"}}]}<\/script>\n<!-- \/ Yoast SEO Premium plugin. -->","yoast_head_json":{"title":"Transfert de donn\u00e9es Laptops & PC - Solution RSI","description":"Nous vous proposons une solution fiable et s\u00e9curis\u00e9e pour le transfert de vos donn\u00e9es provenant de votre laptop ou PC, quelles qu'elles soient.","robots":{"index":"index","follow":"follow","max-snippet":"max-snippet:-1","max-image-preview":"max-image-preview:large","max-video-preview":"max-video-preview:-1"},"canonical":"https:\/\/solution-rsi.ca\/en\/briconnect-store\/reparation-laptop-pc\/transfert-de-donnees-laptops-pc\/","og_locale":"en_US","og_type":"article","og_title":"Transfert de donn\u00e9es Laptops & PC","og_description":"Nous vous proposons une solution fiable et s\u00e9curis\u00e9e pour le transfert de vos donn\u00e9es provenant de votre laptop ou PC, quelles qu'elles soient.","og_url":"https:\/\/solution-rsi.ca\/en\/briconnect-store\/reparation-laptop-pc\/transfert-de-donnees-laptops-pc\/","og_site_name":"Solution RSI","article_modified_time":"2025-07-04T04:03:56+00:00","og_image":[{"width":500,"height":409,"url":"https:\/\/solution-rsi.ca\/wp-content\/uploads\/2025\/07\/briconnect-transfert-donnees-pc.png","type":"image\/png"}],"twitter_card":"summary_large_image","twitter_misc":{"Est. reading time":"2 minutes"},"schema":{"@context":"https:\/\/schema.org","@graph":[{"@type":"WebPage","@id":"https:\/\/solution-rsi.ca\/briconnect-store\/reparation-laptop-pc\/transfert-de-donnees-laptops-pc\/","url":"https:\/\/solution-rsi.ca\/briconnect-store\/reparation-laptop-pc\/transfert-de-donnees-laptops-pc\/","name":"Transfert de donn\u00e9es Laptops & PC - Solution RSI","isPartOf":{"@id":"https:\/\/solution-rsi.ca\/#website"},"primaryImageOfPage":{"@id":"https:\/\/solution-rsi.ca\/briconnect-store\/reparation-laptop-pc\/transfert-de-donnees-laptops-pc\/#primaryimage"},"image":{"@id":"https:\/\/solution-rsi.ca\/briconnect-store\/reparation-laptop-pc\/transfert-de-donnees-laptops-pc\/#primaryimage"},"thumbnailUrl":"https:\/\/solution-rsi.ca\/wp-content\/uploads\/2025\/07\/briconnect-transfert-donnees-pc.png","datePublished":"2025-07-04T03:03:07+00:00","dateModified":"2025-07-04T04:03:56+00:00","description":"Nous vous proposons une solution fiable et s\u00e9curis\u00e9e pour le transfert de vos donn\u00e9es provenant de votre laptop ou PC, quelles qu'elles soient.","breadcrumb":{"@id":"https:\/\/solution-rsi.ca\/briconnect-store\/reparation-laptop-pc\/transfert-de-donnees-laptops-pc\/#breadcrumb"},"inLanguage":"en-US","potentialAction":[{"@type":"ReadAction","target":["https:\/\/solution-rsi.ca\/briconnect-store\/reparation-laptop-pc\/transfert-de-donnees-laptops-pc\/"]}]},{"@type":"ImageObject","inLanguage":"en-US","@id":"https:\/\/solution-rsi.ca\/briconnect-store\/reparation-laptop-pc\/transfert-de-donnees-laptops-pc\/#primaryimage","url":"https:\/\/solution-rsi.ca\/wp-content\/uploads\/2025\/07\/briconnect-transfert-donnees-pc.png","contentUrl":"https:\/\/solution-rsi.ca\/wp-content\/uploads\/2025\/07\/briconnect-transfert-donnees-pc.png","width":500,"height":409,"caption":"briconnect-transfert-donn\u00e9es-pc"},{"@type":"BreadcrumbList","@id":"https:\/\/solution-rsi.ca\/briconnect-store\/reparation-laptop-pc\/transfert-de-donnees-laptops-pc\/#breadcrumb","itemListElement":[{"@type":"ListItem","position":1,"name":"Accueil","item":"https:\/\/solution-rsi.ca\/"},{"@type":"ListItem","position":2,"name":"BriConnect Store","item":"https:\/\/solution-rsi.ca\/briconnect-store\/"},{"@type":"ListItem","position":3,"name":"Transfert de donn\u00e9es Laptops &#038; PC"}]},{"@type":"WebSite","@id":"https:\/\/solution-rsi.ca\/#website","url":"https:\/\/solution-rsi.ca\/","name":"Solution RSI","description":"Reparation et solutions informatiques","publisher":{"@id":"https:\/\/solution-rsi.ca\/#organization"},"potentialAction":[{"@type":"SearchAction","target":{"@type":"EntryPoint","urlTemplate":"https:\/\/solution-rsi.ca\/?s={search_term_string}"},"query-input":{"@type":"PropertyValueSpecification","valueRequired":true,"valueName":"search_term_string"}}],"inLanguage":"en-US"},{"@type":"Organization","@id":"https:\/\/solution-rsi.ca\/#organization","name":"Solution RSI","url":"https:\/\/solution-rsi.ca\/","logo":{"@type":"ImageObject","inLanguage":"en-US","@id":"https:\/\/solution-rsi.ca\/#\/schema\/logo\/image\/","url":"https:\/\/solution-rsi.ca\/wp-content\/uploads\/2023\/11\/solution-rsi-logo-transparent.png","contentUrl":"https:\/\/solution-rsi.ca\/wp-content\/uploads\/2023\/11\/solution-rsi-logo-transparent.png","width":2000,"height":351,"caption":"Solution RSI"},"image":{"@id":"https:\/\/solution-rsi.ca\/#\/schema\/logo\/image\/"}}]}},"_links":{"self":[{"href":"https:\/\/solution-rsi.ca\/en\/wp-json\/wp\/v2\/product\/3510","targetHints":{"allow":["GET"]}}],"collection":[{"href":"https:\/\/solution-rsi.ca\/en\/wp-json\/wp\/v2\/product"}],"about":[{"href":"https:\/\/solution-rsi.ca\/en\/wp-json\/wp\/v2\/types\/product"}],"replies":[{"embeddable":true,"href":"https:\/\/solution-rsi.ca\/en\/wp-json\/wp\/v2\/comments?post=3510"}],"version-history":[{"count":0,"href":"https:\/\/solution-rsi.ca\/en\/wp-json\/wp\/v2\/product\/3510\/revisions"}],"wp:featuredmedia":[{"embeddable":true,"href":"https:\/\/solution-rsi.ca\/en\/wp-json\/wp\/v2\/media\/3515"}],"wp:attachment":[{"href":"https:\/\/solution-rsi.ca\/en\/wp-json\/wp\/v2\/media?parent=3510"}],"wp:term":[{"taxonomy":"product_brand","embeddable":true,"href":"https:\/\/solution-rsi.ca\/en\/wp-json\/wp\/v2\/product_brand?post=3510"},{"taxonomy":"product_cat","embeddable":true,"href":"https:\/\/solution-rsi.ca\/en\/wp-json\/wp\/v2\/product_cat?post=3510"},{"taxonomy":"product_tag","embeddable":true,"href":"https:\/\/solution-rsi.ca\/en\/wp-json\/wp\/v2\/product_tag?post=3510"}],"curies":[{"name":"wp","href":"https:\/\/api.w.org\/{rel}","templated":true}]}}