{"id":3516,"date":"2025-07-04T06:05:37","date_gmt":"2025-07-04T10:05:37","guid":{"rendered":"https:\/\/solution-rsi.ca\/?post_type=product&#038;p=3516"},"modified":"2025-07-04T06:05:37","modified_gmt":"2025-07-04T10:05:37","slug":"recuperation-de-donnees-laptops-pc","status":"publish","type":"product","link":"https:\/\/solution-rsi.ca\/en\/briconnect-store\/reparation-laptop-pc\/recuperation-de-donnees-laptops-pc\/","title":{"rendered":"R\u00e9cup\u00e9ration de donn\u00e9es Laptops &#038; PC"},"content":{"rendered":"<h3>Causes Fr\u00e9quentes de Perte de Donn\u00e9es<\/h3>\n<p>La perte de donn\u00e9es peut survenir pour diverses raisons, n\u00e9cessitant une intervention professionnelle :<\/p>\n<ul>\n<li><strong>Pannes mat\u00e9rielles :<\/strong> Disque dur d\u00e9fectueux, SSD endommag\u00e9, panne de composants.<\/li>\n<li><strong>Corruption logique :<\/strong> Syst\u00e8me de fichiers corrompu, partitions illisibles, secteurs d\u00e9fectueux.<\/li>\n<li><strong>Suppression accidentelle :<\/strong> Fichiers effac\u00e9s par erreur ou vid\u00e9s de la corbeille.<\/li>\n<li><strong>Attaques virales\/malware :<\/strong> Donn\u00e9es chiffr\u00e9es, supprim\u00e9es ou rendues inaccessibles par un logiciel malveillant.<\/li>\n<li><strong>Dommages physiques :<\/strong> Chute, d\u00e9g\u00e2t des eaux, surtension \u00e9lectrique.<\/li>\n<\/ul>\n<h3>Comment Fonctionne Notre Service de R\u00e9cup\u00e9ration de Donn\u00e9es ?<\/h3>\n<p>Notre processus est con\u00e7u pour maximiser les chances de succ\u00e8s tout en assurant la s\u00e9curit\u00e9 de vos informations :<\/p>\n<ul>\n<li><strong>Diagnostic Approfondi :<\/strong> Nous \u00e9valuons gratuitement l&rsquo;\u00e9tat de votre support de stockage pour d\u00e9terminer la faisabilit\u00e9 et le co\u00fbt estimatif de la r\u00e9cup\u00e9ration.<\/li>\n<li><strong>Techniques Avanc\u00e9es :<\/strong> Nos experts utilisent des outils et des m\u00e9thodes sp\u00e9cialis\u00e9es pour extraire et restaurer les donn\u00e9es, m\u00eame \u00e0 partir de supports gravement endommag\u00e9s (si possible).<\/li>\n<li><strong>Confidentialit\u00e9 Absolue :<\/strong> Vos donn\u00e9es personnelles et professionnelles sont trait\u00e9es avec la plus grande discr\u00e9tion et s\u00e9curit\u00e9.<\/li>\n<li><strong>Transfert S\u00e9curis\u00e9 :<\/strong> Une fois r\u00e9cup\u00e9r\u00e9es, vos donn\u00e9es sont transf\u00e9r\u00e9es sur un nouveau support de votre choix (disque dur externe, cl\u00e9 USB).<\/li>\n<\/ul>","protected":false},"excerpt":{"rendered":"<p>Nous mettons \u00e0 votre disposition notre service de r\u00e9cup\u00e9ration de donn\u00e9es afin de tenter de restaurer vos informations pr\u00e9cieuses qu&rsquo;ils proviennent de votre <strong>laptop\/PC<\/strong>, <strong>disque dur externe<\/strong>, <strong>cl\u00e9 USB<\/strong> ou autre support de stockage.<\/p>","protected":false},"featured_media":3517,"comment_status":"open","ping_status":"closed","template":"","meta":{"_acf_changed":false},"product_brand":[],"product_cat":[39],"product_tag":[],"class_list":{"0":"post-3516","1":"product","2":"type-product","3":"status-publish","4":"has-post-thumbnail","6":"product_cat-reparation-laptop-pc","8":"first","9":"instock","10":"virtual","11":"taxable","12":"purchasable","13":"product-type-simple"},"acf":[],"yoast_head":"<!-- This site is optimized with the Yoast SEO Premium plugin v26.1 (Yoast SEO v27.1.1) - https:\/\/yoast.com\/product\/yoast-seo-premium-wordpress\/ -->\n<title>R\u00e9cup\u00e9ration de donn\u00e9es Laptops &amp; PC - Solution RSI<\/title>\n<meta name=\"description\" content=\"Nous mettons \u00e0 votre disposition notre service de r\u00e9cup\u00e9ration de donn\u00e9es afin de tenter de restaurer vos informations pr\u00e9cieuses depuis votre laptop\/PC.\" \/>\n<meta name=\"robots\" content=\"index, follow, max-snippet:-1, max-image-preview:large, max-video-preview:-1\" \/>\n<link rel=\"canonical\" href=\"https:\/\/solution-rsi.ca\/en\/briconnect-store\/reparation-laptop-pc\/recuperation-de-donnees-laptops-pc\/\" \/>\n<meta property=\"og:locale\" content=\"en_US\" \/>\n<meta property=\"og:type\" content=\"article\" \/>\n<meta property=\"og:title\" content=\"R\u00e9cup\u00e9ration de donn\u00e9es Laptops &amp; PC\" \/>\n<meta property=\"og:description\" content=\"Nous mettons \u00e0 votre disposition notre service de r\u00e9cup\u00e9ration de donn\u00e9es afin de tenter de restaurer vos informations pr\u00e9cieuses depuis votre laptop\/PC.\" \/>\n<meta property=\"og:url\" content=\"https:\/\/solution-rsi.ca\/en\/briconnect-store\/reparation-laptop-pc\/recuperation-de-donnees-laptops-pc\/\" \/>\n<meta property=\"og:site_name\" content=\"Solution RSI\" \/>\n<meta property=\"og:image\" content=\"https:\/\/solution-rsi.ca\/wp-content\/uploads\/2025\/07\/briconnect-recuperation-donnees-pc.png\" \/>\n\t<meta property=\"og:image:width\" content=\"500\" \/>\n\t<meta property=\"og:image:height\" content=\"409\" \/>\n\t<meta property=\"og:image:type\" content=\"image\/png\" \/>\n<meta name=\"twitter:card\" content=\"summary_large_image\" \/>\n<meta name=\"twitter:label1\" content=\"Est. reading time\" \/>\n\t<meta name=\"twitter:data1\" content=\"2 minutes\" \/>\n<script type=\"application\/ld+json\" class=\"yoast-schema-graph\">{\"@context\":\"https:\/\/schema.org\",\"@graph\":[{\"@type\":\"WebPage\",\"@id\":\"https:\/\/solution-rsi.ca\/briconnect-store\/reparation-laptop-pc\/recuperation-de-donnees-laptops-pc\/\",\"url\":\"https:\/\/solution-rsi.ca\/briconnect-store\/reparation-laptop-pc\/recuperation-de-donnees-laptops-pc\/\",\"name\":\"R\u00e9cup\u00e9ration de donn\u00e9es Laptops & PC - Solution RSI\",\"isPartOf\":{\"@id\":\"https:\/\/solution-rsi.ca\/#website\"},\"primaryImageOfPage\":{\"@id\":\"https:\/\/solution-rsi.ca\/briconnect-store\/reparation-laptop-pc\/recuperation-de-donnees-laptops-pc\/#primaryimage\"},\"image\":{\"@id\":\"https:\/\/solution-rsi.ca\/briconnect-store\/reparation-laptop-pc\/recuperation-de-donnees-laptops-pc\/#primaryimage\"},\"thumbnailUrl\":\"https:\/\/solution-rsi.ca\/wp-content\/uploads\/2025\/07\/briconnect-recuperation-donnees-pc.png\",\"datePublished\":\"2025-07-04T10:05:37+00:00\",\"description\":\"Nous mettons \u00e0 votre disposition notre service de r\u00e9cup\u00e9ration de donn\u00e9es afin de tenter de restaurer vos informations pr\u00e9cieuses depuis votre laptop\/PC.\",\"breadcrumb\":{\"@id\":\"https:\/\/solution-rsi.ca\/briconnect-store\/reparation-laptop-pc\/recuperation-de-donnees-laptops-pc\/#breadcrumb\"},\"inLanguage\":\"en-US\",\"potentialAction\":[{\"@type\":\"ReadAction\",\"target\":[\"https:\/\/solution-rsi.ca\/briconnect-store\/reparation-laptop-pc\/recuperation-de-donnees-laptops-pc\/\"]}]},{\"@type\":\"ImageObject\",\"inLanguage\":\"en-US\",\"@id\":\"https:\/\/solution-rsi.ca\/briconnect-store\/reparation-laptop-pc\/recuperation-de-donnees-laptops-pc\/#primaryimage\",\"url\":\"https:\/\/solution-rsi.ca\/wp-content\/uploads\/2025\/07\/briconnect-recuperation-donnees-pc.png\",\"contentUrl\":\"https:\/\/solution-rsi.ca\/wp-content\/uploads\/2025\/07\/briconnect-recuperation-donnees-pc.png\",\"width\":500,\"height\":409,\"caption\":\"briconnect-r\u00e9cup\u00e9ration-donn\u00e9es-pc\"},{\"@type\":\"BreadcrumbList\",\"@id\":\"https:\/\/solution-rsi.ca\/briconnect-store\/reparation-laptop-pc\/recuperation-de-donnees-laptops-pc\/#breadcrumb\",\"itemListElement\":[{\"@type\":\"ListItem\",\"position\":1,\"name\":\"Accueil\",\"item\":\"https:\/\/solution-rsi.ca\/\"},{\"@type\":\"ListItem\",\"position\":2,\"name\":\"BriConnect Store\",\"item\":\"https:\/\/solution-rsi.ca\/briconnect-store\/\"},{\"@type\":\"ListItem\",\"position\":3,\"name\":\"R\u00e9cup\u00e9ration de donn\u00e9es Laptops &#038; PC\"}]},{\"@type\":\"WebSite\",\"@id\":\"https:\/\/solution-rsi.ca\/#website\",\"url\":\"https:\/\/solution-rsi.ca\/\",\"name\":\"Solution RSI\",\"description\":\"Reparation et solutions informatiques\",\"publisher\":{\"@id\":\"https:\/\/solution-rsi.ca\/#organization\"},\"potentialAction\":[{\"@type\":\"SearchAction\",\"target\":{\"@type\":\"EntryPoint\",\"urlTemplate\":\"https:\/\/solution-rsi.ca\/?s={search_term_string}\"},\"query-input\":{\"@type\":\"PropertyValueSpecification\",\"valueRequired\":true,\"valueName\":\"search_term_string\"}}],\"inLanguage\":\"en-US\"},{\"@type\":\"Organization\",\"@id\":\"https:\/\/solution-rsi.ca\/#organization\",\"name\":\"Solution RSI\",\"url\":\"https:\/\/solution-rsi.ca\/\",\"logo\":{\"@type\":\"ImageObject\",\"inLanguage\":\"en-US\",\"@id\":\"https:\/\/solution-rsi.ca\/#\/schema\/logo\/image\/\",\"url\":\"https:\/\/solution-rsi.ca\/wp-content\/uploads\/2023\/11\/solution-rsi-logo-transparent.png\",\"contentUrl\":\"https:\/\/solution-rsi.ca\/wp-content\/uploads\/2023\/11\/solution-rsi-logo-transparent.png\",\"width\":2000,\"height\":351,\"caption\":\"Solution RSI\"},\"image\":{\"@id\":\"https:\/\/solution-rsi.ca\/#\/schema\/logo\/image\/\"}}]}<\/script>\n<!-- \/ Yoast SEO Premium plugin. -->","yoast_head_json":{"title":"R\u00e9cup\u00e9ration de donn\u00e9es Laptops & PC - Solution RSI","description":"Nous mettons \u00e0 votre disposition notre service de r\u00e9cup\u00e9ration de donn\u00e9es afin de tenter de restaurer vos informations pr\u00e9cieuses depuis votre laptop\/PC.","robots":{"index":"index","follow":"follow","max-snippet":"max-snippet:-1","max-image-preview":"max-image-preview:large","max-video-preview":"max-video-preview:-1"},"canonical":"https:\/\/solution-rsi.ca\/en\/briconnect-store\/reparation-laptop-pc\/recuperation-de-donnees-laptops-pc\/","og_locale":"en_US","og_type":"article","og_title":"R\u00e9cup\u00e9ration de donn\u00e9es Laptops & PC","og_description":"Nous mettons \u00e0 votre disposition notre service de r\u00e9cup\u00e9ration de donn\u00e9es afin de tenter de restaurer vos informations pr\u00e9cieuses depuis votre laptop\/PC.","og_url":"https:\/\/solution-rsi.ca\/en\/briconnect-store\/reparation-laptop-pc\/recuperation-de-donnees-laptops-pc\/","og_site_name":"Solution RSI","og_image":[{"width":500,"height":409,"url":"https:\/\/solution-rsi.ca\/wp-content\/uploads\/2025\/07\/briconnect-recuperation-donnees-pc.png","type":"image\/png"}],"twitter_card":"summary_large_image","twitter_misc":{"Est. reading time":"2 minutes"},"schema":{"@context":"https:\/\/schema.org","@graph":[{"@type":"WebPage","@id":"https:\/\/solution-rsi.ca\/briconnect-store\/reparation-laptop-pc\/recuperation-de-donnees-laptops-pc\/","url":"https:\/\/solution-rsi.ca\/briconnect-store\/reparation-laptop-pc\/recuperation-de-donnees-laptops-pc\/","name":"R\u00e9cup\u00e9ration de donn\u00e9es Laptops & PC - Solution RSI","isPartOf":{"@id":"https:\/\/solution-rsi.ca\/#website"},"primaryImageOfPage":{"@id":"https:\/\/solution-rsi.ca\/briconnect-store\/reparation-laptop-pc\/recuperation-de-donnees-laptops-pc\/#primaryimage"},"image":{"@id":"https:\/\/solution-rsi.ca\/briconnect-store\/reparation-laptop-pc\/recuperation-de-donnees-laptops-pc\/#primaryimage"},"thumbnailUrl":"https:\/\/solution-rsi.ca\/wp-content\/uploads\/2025\/07\/briconnect-recuperation-donnees-pc.png","datePublished":"2025-07-04T10:05:37+00:00","description":"Nous mettons \u00e0 votre disposition notre service de r\u00e9cup\u00e9ration de donn\u00e9es afin de tenter de restaurer vos informations pr\u00e9cieuses depuis votre laptop\/PC.","breadcrumb":{"@id":"https:\/\/solution-rsi.ca\/briconnect-store\/reparation-laptop-pc\/recuperation-de-donnees-laptops-pc\/#breadcrumb"},"inLanguage":"en-US","potentialAction":[{"@type":"ReadAction","target":["https:\/\/solution-rsi.ca\/briconnect-store\/reparation-laptop-pc\/recuperation-de-donnees-laptops-pc\/"]}]},{"@type":"ImageObject","inLanguage":"en-US","@id":"https:\/\/solution-rsi.ca\/briconnect-store\/reparation-laptop-pc\/recuperation-de-donnees-laptops-pc\/#primaryimage","url":"https:\/\/solution-rsi.ca\/wp-content\/uploads\/2025\/07\/briconnect-recuperation-donnees-pc.png","contentUrl":"https:\/\/solution-rsi.ca\/wp-content\/uploads\/2025\/07\/briconnect-recuperation-donnees-pc.png","width":500,"height":409,"caption":"briconnect-r\u00e9cup\u00e9ration-donn\u00e9es-pc"},{"@type":"BreadcrumbList","@id":"https:\/\/solution-rsi.ca\/briconnect-store\/reparation-laptop-pc\/recuperation-de-donnees-laptops-pc\/#breadcrumb","itemListElement":[{"@type":"ListItem","position":1,"name":"Accueil","item":"https:\/\/solution-rsi.ca\/"},{"@type":"ListItem","position":2,"name":"BriConnect Store","item":"https:\/\/solution-rsi.ca\/briconnect-store\/"},{"@type":"ListItem","position":3,"name":"R\u00e9cup\u00e9ration de donn\u00e9es Laptops &#038; PC"}]},{"@type":"WebSite","@id":"https:\/\/solution-rsi.ca\/#website","url":"https:\/\/solution-rsi.ca\/","name":"Solution RSI","description":"Reparation et solutions informatiques","publisher":{"@id":"https:\/\/solution-rsi.ca\/#organization"},"potentialAction":[{"@type":"SearchAction","target":{"@type":"EntryPoint","urlTemplate":"https:\/\/solution-rsi.ca\/?s={search_term_string}"},"query-input":{"@type":"PropertyValueSpecification","valueRequired":true,"valueName":"search_term_string"}}],"inLanguage":"en-US"},{"@type":"Organization","@id":"https:\/\/solution-rsi.ca\/#organization","name":"Solution RSI","url":"https:\/\/solution-rsi.ca\/","logo":{"@type":"ImageObject","inLanguage":"en-US","@id":"https:\/\/solution-rsi.ca\/#\/schema\/logo\/image\/","url":"https:\/\/solution-rsi.ca\/wp-content\/uploads\/2023\/11\/solution-rsi-logo-transparent.png","contentUrl":"https:\/\/solution-rsi.ca\/wp-content\/uploads\/2023\/11\/solution-rsi-logo-transparent.png","width":2000,"height":351,"caption":"Solution RSI"},"image":{"@id":"https:\/\/solution-rsi.ca\/#\/schema\/logo\/image\/"}}]}},"_links":{"self":[{"href":"https:\/\/solution-rsi.ca\/en\/wp-json\/wp\/v2\/product\/3516","targetHints":{"allow":["GET"]}}],"collection":[{"href":"https:\/\/solution-rsi.ca\/en\/wp-json\/wp\/v2\/product"}],"about":[{"href":"https:\/\/solution-rsi.ca\/en\/wp-json\/wp\/v2\/types\/product"}],"replies":[{"embeddable":true,"href":"https:\/\/solution-rsi.ca\/en\/wp-json\/wp\/v2\/comments?post=3516"}],"version-history":[{"count":0,"href":"https:\/\/solution-rsi.ca\/en\/wp-json\/wp\/v2\/product\/3516\/revisions"}],"wp:featuredmedia":[{"embeddable":true,"href":"https:\/\/solution-rsi.ca\/en\/wp-json\/wp\/v2\/media\/3517"}],"wp:attachment":[{"href":"https:\/\/solution-rsi.ca\/en\/wp-json\/wp\/v2\/media?parent=3516"}],"wp:term":[{"taxonomy":"product_brand","embeddable":true,"href":"https:\/\/solution-rsi.ca\/en\/wp-json\/wp\/v2\/product_brand?post=3516"},{"taxonomy":"product_cat","embeddable":true,"href":"https:\/\/solution-rsi.ca\/en\/wp-json\/wp\/v2\/product_cat?post=3516"},{"taxonomy":"product_tag","embeddable":true,"href":"https:\/\/solution-rsi.ca\/en\/wp-json\/wp\/v2\/product_tag?post=3516"}],"curies":[{"name":"wp","href":"https:\/\/api.w.org\/{rel}","templated":true}]}}