{"id":3535,"date":"2025-07-04T07:57:17","date_gmt":"2025-07-04T11:57:17","guid":{"rendered":"https:\/\/solution-rsi.ca\/?post_type=product&#038;p=3535"},"modified":"2025-07-04T08:02:17","modified_gmt":"2025-07-04T12:02:17","slug":"reparation-systeme-dexploitation-avec-transfert-de-donnees-securite","status":"publish","type":"product","link":"https:\/\/solution-rsi.ca\/en\/briconnect-store\/reparation-laptop-pc\/reparation-systeme-dexploitation-avec-transfert-de-donnees-securite\/","title":{"rendered":"R\u00e9paration syst\u00e8me d&rsquo;exploitation avec transfert de donn\u00e9es &#038; s\u00e9curit\u00e9"},"content":{"rendered":"<div id=\"tab-description\" class=\"woocommerce-Tabs-panel woocommerce-Tabs-panel--description panel entry-content wc-tab content\" role=\"tabpanel\" aria-labelledby=\"tab-title-description\">\n<p>Notre service de r\u00e9paration de syst\u00e8me d\u2019exploitation avec transfert de donn\u00e9es &amp; s\u00e9curit\u00e9 inclut :<\/p>\n<ul>\n<li><strong>Diagnostic Approfondi :<\/strong> Identification pr\u00e9cise de la cause du probl\u00e8me logiciel.<\/li>\n<li><strong>Transfert de donn\u00e9es vers un disque externe :<\/strong> Pour vos sauvegardes personnelles.<\/li>\n<li><strong>Gestion des dossiers :<\/strong> Documents, photos, vid\u00e9os, musique, courriels et logiciels (si les licences le permettent).<\/li>\n<li><strong>Nettoyage Complet :<\/strong> Suppression des virus, malwares et fichiers ind\u00e9sirables qui encombrent votre OS.<\/li>\n<li><strong>R\u00e9paration des Fichiers Syst\u00e8me :<\/strong> Restauration des fichiers corrompus ou manquants essentiels au bon fonctionnement.<\/li>\n<li><strong>Mises \u00e0 Jour et Optimisation :<\/strong> Installation des derni\u00e8res mises \u00e0 jour de s\u00e9curit\u00e9 et performance, et optimisation des param\u00e8tres de votre OS.<\/li>\n<li><strong>Installation\/R\u00e9installation Propre :<\/strong> Si n\u00e9cessaire, une r\u00e9installation compl\u00e8te de votre syst\u00e8me d\u2019exploitation (avec sauvegarde pr\u00e9alable des donn\u00e9es si possible).<\/li>\n<li><strong>Installation des Pilotes :<\/strong> Configuration et mise \u00e0 jour de tous les pilotes n\u00e9cessaires pour le bon fonctionnement de votre mat\u00e9riel.<\/li>\n<li>Installation et configuration d&rsquo;un logiciel antivirus\/anti-malware robuste.<\/li>\n<li>Mises \u00e0 jour critiques du syst\u00e8me d&rsquo;exploitation et des pilotes pour colmater les failles de s\u00e9curit\u00e9.<\/li>\n<li>Conseils personnalis\u00e9s pour une navigation s\u00e9curis\u00e9e et la protection de votre vie priv\u00e9e en ligne.<\/li>\n<\/ul>\n<\/div>","protected":false},"excerpt":{"rendered":"<p>Nous nous occupons d\u2019<strong>identifier<\/strong> et \u00e0 <strong>r\u00e9parer<\/strong> les <strong>probl\u00e8mes logiciels<\/strong> de votre laptop\/PC, de mettre sur pied les bonnes pratiques pour la s\u00e9curit\u00e9 de votre appareil et de sauvegarder vos donn\u00e9es personnelles.<\/p>","protected":false},"featured_media":3536,"comment_status":"open","ping_status":"closed","template":"","meta":{"_acf_changed":false},"product_brand":[],"product_cat":[39],"product_tag":[],"class_list":{"0":"post-3535","1":"product","2":"type-product","3":"status-publish","4":"has-post-thumbnail","6":"product_cat-reparation-laptop-pc","8":"first","9":"instock","10":"virtual","11":"taxable","12":"purchasable","13":"product-type-simple"},"acf":[],"yoast_head":"<!-- This site is optimized with the Yoast SEO Premium plugin v26.1 (Yoast SEO v27.1.1) - https:\/\/yoast.com\/product\/yoast-seo-premium-wordpress\/ -->\n<title>R\u00e9paration syst\u00e8me d&#039;exploitation avec transfert de donn\u00e9es &amp; s\u00e9curit\u00e9 - Solution RSI<\/title>\n<meta name=\"description\" content=\"Effectuez la r\u00e9paration et la s\u00e9curit\u00e9 du syst\u00e8me d&#039;exploitation de votre laptop\/PC tout en r\u00e9alisant la le transfert de vos donn\u00e9es personnelle\" \/>\n<meta name=\"robots\" content=\"index, follow, max-snippet:-1, max-image-preview:large, max-video-preview:-1\" \/>\n<link rel=\"canonical\" href=\"https:\/\/solution-rsi.ca\/en\/briconnect-store\/reparation-laptop-pc\/reparation-systeme-dexploitation-avec-transfert-de-donnees-securite\/\" \/>\n<meta property=\"og:locale\" content=\"en_US\" \/>\n<meta property=\"og:type\" content=\"article\" \/>\n<meta property=\"og:title\" content=\"R\u00e9paration syst\u00e8me d&#039;exploitation avec transfert de donn\u00e9es &amp; s\u00e9curit\u00e9\" \/>\n<meta property=\"og:description\" content=\"Effectuez la r\u00e9paration et la s\u00e9curit\u00e9 du syst\u00e8me d&#039;exploitation de votre laptop\/PC tout en r\u00e9alisant la le transfert de vos donn\u00e9es personnelle\" \/>\n<meta property=\"og:url\" content=\"https:\/\/solution-rsi.ca\/en\/briconnect-store\/reparation-laptop-pc\/reparation-systeme-dexploitation-avec-transfert-de-donnees-securite\/\" \/>\n<meta property=\"og:site_name\" content=\"Solution RSI\" \/>\n<meta property=\"article:modified_time\" content=\"2025-07-04T12:02:17+00:00\" \/>\n<meta property=\"og:image\" content=\"https:\/\/solution-rsi.ca\/wp-content\/uploads\/2025\/07\/briconnect-reparation-systeme-avec-transfert-de-donnees-securite-pc.png\" \/>\n\t<meta property=\"og:image:width\" content=\"500\" \/>\n\t<meta property=\"og:image:height\" content=\"409\" \/>\n\t<meta property=\"og:image:type\" content=\"image\/png\" \/>\n<meta name=\"twitter:card\" content=\"summary_large_image\" \/>\n<meta name=\"twitter:label1\" content=\"Est. reading time\" \/>\n\t<meta name=\"twitter:data1\" content=\"2 minutes\" \/>\n<script type=\"application\/ld+json\" class=\"yoast-schema-graph\">{\"@context\":\"https:\/\/schema.org\",\"@graph\":[{\"@type\":\"WebPage\",\"@id\":\"https:\/\/solution-rsi.ca\/briconnect-store\/reparation-laptop-pc\/reparation-systeme-dexploitation-avec-transfert-de-donnees-securite\/\",\"url\":\"https:\/\/solution-rsi.ca\/briconnect-store\/reparation-laptop-pc\/reparation-systeme-dexploitation-avec-transfert-de-donnees-securite\/\",\"name\":\"R\u00e9paration syst\u00e8me d'exploitation avec transfert de donn\u00e9es & s\u00e9curit\u00e9 - Solution RSI\",\"isPartOf\":{\"@id\":\"https:\/\/solution-rsi.ca\/#website\"},\"primaryImageOfPage\":{\"@id\":\"https:\/\/solution-rsi.ca\/briconnect-store\/reparation-laptop-pc\/reparation-systeme-dexploitation-avec-transfert-de-donnees-securite\/#primaryimage\"},\"image\":{\"@id\":\"https:\/\/solution-rsi.ca\/briconnect-store\/reparation-laptop-pc\/reparation-systeme-dexploitation-avec-transfert-de-donnees-securite\/#primaryimage\"},\"thumbnailUrl\":\"https:\/\/solution-rsi.ca\/wp-content\/uploads\/2025\/07\/briconnect-reparation-systeme-avec-transfert-de-donnees-securite-pc.png\",\"datePublished\":\"2025-07-04T11:57:17+00:00\",\"dateModified\":\"2025-07-04T12:02:17+00:00\",\"description\":\"Effectuez la r\u00e9paration et la s\u00e9curit\u00e9 du syst\u00e8me d'exploitation de votre laptop\/PC tout en r\u00e9alisant la le transfert de vos donn\u00e9es personnelle\",\"breadcrumb\":{\"@id\":\"https:\/\/solution-rsi.ca\/briconnect-store\/reparation-laptop-pc\/reparation-systeme-dexploitation-avec-transfert-de-donnees-securite\/#breadcrumb\"},\"inLanguage\":\"en-US\",\"potentialAction\":[{\"@type\":\"ReadAction\",\"target\":[\"https:\/\/solution-rsi.ca\/briconnect-store\/reparation-laptop-pc\/reparation-systeme-dexploitation-avec-transfert-de-donnees-securite\/\"]}]},{\"@type\":\"ImageObject\",\"inLanguage\":\"en-US\",\"@id\":\"https:\/\/solution-rsi.ca\/briconnect-store\/reparation-laptop-pc\/reparation-systeme-dexploitation-avec-transfert-de-donnees-securite\/#primaryimage\",\"url\":\"https:\/\/solution-rsi.ca\/wp-content\/uploads\/2025\/07\/briconnect-reparation-systeme-avec-transfert-de-donnees-securite-pc.png\",\"contentUrl\":\"https:\/\/solution-rsi.ca\/wp-content\/uploads\/2025\/07\/briconnect-reparation-systeme-avec-transfert-de-donnees-securite-pc.png\",\"width\":500,\"height\":409,\"caption\":\"briconnect-r\u00e9paration-syst\u00e8me-avec-transfert-de-donn\u00e9es-s\u00e9curit\u00e9-pc\"},{\"@type\":\"BreadcrumbList\",\"@id\":\"https:\/\/solution-rsi.ca\/briconnect-store\/reparation-laptop-pc\/reparation-systeme-dexploitation-avec-transfert-de-donnees-securite\/#breadcrumb\",\"itemListElement\":[{\"@type\":\"ListItem\",\"position\":1,\"name\":\"Accueil\",\"item\":\"https:\/\/solution-rsi.ca\/\"},{\"@type\":\"ListItem\",\"position\":2,\"name\":\"BriConnect Store\",\"item\":\"https:\/\/solution-rsi.ca\/briconnect-store\/\"},{\"@type\":\"ListItem\",\"position\":3,\"name\":\"R\u00e9paration syst\u00e8me d&rsquo;exploitation avec transfert de donn\u00e9es &#038; s\u00e9curit\u00e9\"}]},{\"@type\":\"WebSite\",\"@id\":\"https:\/\/solution-rsi.ca\/#website\",\"url\":\"https:\/\/solution-rsi.ca\/\",\"name\":\"Solution RSI\",\"description\":\"Reparation et solutions informatiques\",\"publisher\":{\"@id\":\"https:\/\/solution-rsi.ca\/#organization\"},\"potentialAction\":[{\"@type\":\"SearchAction\",\"target\":{\"@type\":\"EntryPoint\",\"urlTemplate\":\"https:\/\/solution-rsi.ca\/?s={search_term_string}\"},\"query-input\":{\"@type\":\"PropertyValueSpecification\",\"valueRequired\":true,\"valueName\":\"search_term_string\"}}],\"inLanguage\":\"en-US\"},{\"@type\":\"Organization\",\"@id\":\"https:\/\/solution-rsi.ca\/#organization\",\"name\":\"Solution RSI\",\"url\":\"https:\/\/solution-rsi.ca\/\",\"logo\":{\"@type\":\"ImageObject\",\"inLanguage\":\"en-US\",\"@id\":\"https:\/\/solution-rsi.ca\/#\/schema\/logo\/image\/\",\"url\":\"https:\/\/solution-rsi.ca\/wp-content\/uploads\/2023\/11\/solution-rsi-logo-transparent.png\",\"contentUrl\":\"https:\/\/solution-rsi.ca\/wp-content\/uploads\/2023\/11\/solution-rsi-logo-transparent.png\",\"width\":2000,\"height\":351,\"caption\":\"Solution RSI\"},\"image\":{\"@id\":\"https:\/\/solution-rsi.ca\/#\/schema\/logo\/image\/\"}}]}<\/script>\n<!-- \/ Yoast SEO Premium plugin. -->","yoast_head_json":{"title":"R\u00e9paration syst\u00e8me d'exploitation avec transfert de donn\u00e9es & s\u00e9curit\u00e9 - Solution RSI","description":"Effectuez la r\u00e9paration et la s\u00e9curit\u00e9 du syst\u00e8me d'exploitation de votre laptop\/PC tout en r\u00e9alisant la le transfert de vos donn\u00e9es personnelle","robots":{"index":"index","follow":"follow","max-snippet":"max-snippet:-1","max-image-preview":"max-image-preview:large","max-video-preview":"max-video-preview:-1"},"canonical":"https:\/\/solution-rsi.ca\/en\/briconnect-store\/reparation-laptop-pc\/reparation-systeme-dexploitation-avec-transfert-de-donnees-securite\/","og_locale":"en_US","og_type":"article","og_title":"R\u00e9paration syst\u00e8me d'exploitation avec transfert de donn\u00e9es & s\u00e9curit\u00e9","og_description":"Effectuez la r\u00e9paration et la s\u00e9curit\u00e9 du syst\u00e8me d'exploitation de votre laptop\/PC tout en r\u00e9alisant la le transfert de vos donn\u00e9es personnelle","og_url":"https:\/\/solution-rsi.ca\/en\/briconnect-store\/reparation-laptop-pc\/reparation-systeme-dexploitation-avec-transfert-de-donnees-securite\/","og_site_name":"Solution RSI","article_modified_time":"2025-07-04T12:02:17+00:00","og_image":[{"width":500,"height":409,"url":"https:\/\/solution-rsi.ca\/wp-content\/uploads\/2025\/07\/briconnect-reparation-systeme-avec-transfert-de-donnees-securite-pc.png","type":"image\/png"}],"twitter_card":"summary_large_image","twitter_misc":{"Est. reading time":"2 minutes"},"schema":{"@context":"https:\/\/schema.org","@graph":[{"@type":"WebPage","@id":"https:\/\/solution-rsi.ca\/briconnect-store\/reparation-laptop-pc\/reparation-systeme-dexploitation-avec-transfert-de-donnees-securite\/","url":"https:\/\/solution-rsi.ca\/briconnect-store\/reparation-laptop-pc\/reparation-systeme-dexploitation-avec-transfert-de-donnees-securite\/","name":"R\u00e9paration syst\u00e8me d'exploitation avec transfert de donn\u00e9es & s\u00e9curit\u00e9 - Solution RSI","isPartOf":{"@id":"https:\/\/solution-rsi.ca\/#website"},"primaryImageOfPage":{"@id":"https:\/\/solution-rsi.ca\/briconnect-store\/reparation-laptop-pc\/reparation-systeme-dexploitation-avec-transfert-de-donnees-securite\/#primaryimage"},"image":{"@id":"https:\/\/solution-rsi.ca\/briconnect-store\/reparation-laptop-pc\/reparation-systeme-dexploitation-avec-transfert-de-donnees-securite\/#primaryimage"},"thumbnailUrl":"https:\/\/solution-rsi.ca\/wp-content\/uploads\/2025\/07\/briconnect-reparation-systeme-avec-transfert-de-donnees-securite-pc.png","datePublished":"2025-07-04T11:57:17+00:00","dateModified":"2025-07-04T12:02:17+00:00","description":"Effectuez la r\u00e9paration et la s\u00e9curit\u00e9 du syst\u00e8me d'exploitation de votre laptop\/PC tout en r\u00e9alisant la le transfert de vos donn\u00e9es personnelle","breadcrumb":{"@id":"https:\/\/solution-rsi.ca\/briconnect-store\/reparation-laptop-pc\/reparation-systeme-dexploitation-avec-transfert-de-donnees-securite\/#breadcrumb"},"inLanguage":"en-US","potentialAction":[{"@type":"ReadAction","target":["https:\/\/solution-rsi.ca\/briconnect-store\/reparation-laptop-pc\/reparation-systeme-dexploitation-avec-transfert-de-donnees-securite\/"]}]},{"@type":"ImageObject","inLanguage":"en-US","@id":"https:\/\/solution-rsi.ca\/briconnect-store\/reparation-laptop-pc\/reparation-systeme-dexploitation-avec-transfert-de-donnees-securite\/#primaryimage","url":"https:\/\/solution-rsi.ca\/wp-content\/uploads\/2025\/07\/briconnect-reparation-systeme-avec-transfert-de-donnees-securite-pc.png","contentUrl":"https:\/\/solution-rsi.ca\/wp-content\/uploads\/2025\/07\/briconnect-reparation-systeme-avec-transfert-de-donnees-securite-pc.png","width":500,"height":409,"caption":"briconnect-r\u00e9paration-syst\u00e8me-avec-transfert-de-donn\u00e9es-s\u00e9curit\u00e9-pc"},{"@type":"BreadcrumbList","@id":"https:\/\/solution-rsi.ca\/briconnect-store\/reparation-laptop-pc\/reparation-systeme-dexploitation-avec-transfert-de-donnees-securite\/#breadcrumb","itemListElement":[{"@type":"ListItem","position":1,"name":"Accueil","item":"https:\/\/solution-rsi.ca\/"},{"@type":"ListItem","position":2,"name":"BriConnect Store","item":"https:\/\/solution-rsi.ca\/briconnect-store\/"},{"@type":"ListItem","position":3,"name":"R\u00e9paration syst\u00e8me d&rsquo;exploitation avec transfert de donn\u00e9es &#038; s\u00e9curit\u00e9"}]},{"@type":"WebSite","@id":"https:\/\/solution-rsi.ca\/#website","url":"https:\/\/solution-rsi.ca\/","name":"Solution RSI","description":"Reparation et solutions informatiques","publisher":{"@id":"https:\/\/solution-rsi.ca\/#organization"},"potentialAction":[{"@type":"SearchAction","target":{"@type":"EntryPoint","urlTemplate":"https:\/\/solution-rsi.ca\/?s={search_term_string}"},"query-input":{"@type":"PropertyValueSpecification","valueRequired":true,"valueName":"search_term_string"}}],"inLanguage":"en-US"},{"@type":"Organization","@id":"https:\/\/solution-rsi.ca\/#organization","name":"Solution RSI","url":"https:\/\/solution-rsi.ca\/","logo":{"@type":"ImageObject","inLanguage":"en-US","@id":"https:\/\/solution-rsi.ca\/#\/schema\/logo\/image\/","url":"https:\/\/solution-rsi.ca\/wp-content\/uploads\/2023\/11\/solution-rsi-logo-transparent.png","contentUrl":"https:\/\/solution-rsi.ca\/wp-content\/uploads\/2023\/11\/solution-rsi-logo-transparent.png","width":2000,"height":351,"caption":"Solution RSI"},"image":{"@id":"https:\/\/solution-rsi.ca\/#\/schema\/logo\/image\/"}}]}},"_links":{"self":[{"href":"https:\/\/solution-rsi.ca\/en\/wp-json\/wp\/v2\/product\/3535","targetHints":{"allow":["GET"]}}],"collection":[{"href":"https:\/\/solution-rsi.ca\/en\/wp-json\/wp\/v2\/product"}],"about":[{"href":"https:\/\/solution-rsi.ca\/en\/wp-json\/wp\/v2\/types\/product"}],"replies":[{"embeddable":true,"href":"https:\/\/solution-rsi.ca\/en\/wp-json\/wp\/v2\/comments?post=3535"}],"version-history":[{"count":0,"href":"https:\/\/solution-rsi.ca\/en\/wp-json\/wp\/v2\/product\/3535\/revisions"}],"wp:featuredmedia":[{"embeddable":true,"href":"https:\/\/solution-rsi.ca\/en\/wp-json\/wp\/v2\/media\/3536"}],"wp:attachment":[{"href":"https:\/\/solution-rsi.ca\/en\/wp-json\/wp\/v2\/media?parent=3535"}],"wp:term":[{"taxonomy":"product_brand","embeddable":true,"href":"https:\/\/solution-rsi.ca\/en\/wp-json\/wp\/v2\/product_brand?post=3535"},{"taxonomy":"product_cat","embeddable":true,"href":"https:\/\/solution-rsi.ca\/en\/wp-json\/wp\/v2\/product_cat?post=3535"},{"taxonomy":"product_tag","embeddable":true,"href":"https:\/\/solution-rsi.ca\/en\/wp-json\/wp\/v2\/product_tag?post=3535"}],"curies":[{"name":"wp","href":"https:\/\/api.w.org\/{rel}","templated":true}]}}